{"id":26648,"date":"2022-07-12T02:53:26","date_gmt":"2022-07-12T02:53:26","guid":{"rendered":"https:\/\/www.soymedicina.com\/libros-de-medicina\/?page_id=26648"},"modified":"2022-07-12T02:53:26","modified_gmt":"2022-07-12T02:53:26","slug":"patologia","status":"publish","type":"page","link":"https:\/\/www.soymedicina.com\/libros-de-medicina\/patologia\/","title":{"rendered":"Patologia"},"content":{"rendered":"<div class=\"wpb-content-wrapper\">[vc_row][vc_column][vc_column_text]<style type='text\/css' media='all'>#rt-tpg-container-2344923672 .rt-holder .rt-woo-info .price{color:#0367bf;}body .rt-tpg-container .rt-tpg-isotope-buttons .selected,\n\t\t\t\t\t#rt-tpg-container-2344923672 .layout12 .rt-holder:hover .rt-detail,\n\t\t\t\t\t#rt-tpg-container-2344923672 .isotope8 .rt-holder:hover .rt-detail,\n\t\t\t\t\t#rt-tpg-container-2344923672 .carousel8 .rt-holder:hover .rt-detail,\n\t\t\t\t\t#rt-tpg-container-2344923672 .layout13 .rt-holder .overlay .post-info,\n\t\t\t\t\t#rt-tpg-container-2344923672 .isotope9 .rt-holder .overlay .post-info,\n\t\t\t\t\t#rt-tpg-container-2344923672.rt-tpg-container .layout4 .rt-holder .rt-detail,\n\t\t\t\t\t.rt-modal-2344923672 .md-content,\n\t\t\t\t\t.rt-modal-2344923672 .md-content > .rt-md-content-holder .rt-md-content,\n\t\t\t\t\t.rt-popup-wrap-2344923672.rt-popup-wrap .rt-popup-navigation-wrap,\n\t\t\t\t\t#rt-tpg-container-2344923672 .carousel9 .rt-holder .overlay .post-info{background-color:#0367bf;}#rt-tpg-container-2344923672 .layout5 .rt-holder .overlay, #rt-tpg-container-2344923672 .isotope2 .rt-holder .overlay, #rt-tpg-container-2344923672 .carousel2 .rt-holder .overlay,#rt-tpg-container-2344923672 .layout15 .rt-holder h3, #rt-tpg-container-2344923672 .isotope11 .rt-holder h3, #rt-tpg-container-2344923672 .carousel11 .rt-holder h3, #rt-tpg-container-2344923672 .layout16 .rt-holder h3,\n\t\t\t\t\t#rt-tpg-container-2344923672 .isotope12 .rt-holder h3, #rt-tpg-container-2344923672 .carousel12 .rt-holder h3 {background-color:rgba(3,103,191,0.8);}#rt-tpg-container-2344923672 .read-more a{border-radius:px;}#rt-tpg-container-2344923672 .rt-img-holder img.rt-img-responsive,#rt-tpg-container-2344923672 .rt-img-holder,\n\t\t\t\t\t#rt-tpg-container-2344923672 .rt-post-overlay .post-img,\n\t\t\t\t\t#rt-tpg-container-2344923672 .post-sm .post-img,\n\t\t\t\t\t#rt-tpg-container-2344923672 .rt-post-grid .post-img,\n\t\t\t\t\t#rt-tpg-container-2344923672 .post-img img {border-radius:px;}<\/style><div class='rt-container-fluid rt-tpg-container tpg-shortcode-main-wrapper  loading' id='rt-tpg-container-2344923672'   data-layout='layout2' data-grid-style='even' data-desktop-col='1'  data-tab-col='1'  data-mobile-col='1' data-sc-id='26568'><div data-title='Cargando...' class='rt-row rt-content-loader   layout2 tpg-even '><div class=\"rt-col-md-12 rt-col-sm-12 rt-col-xs-12 even-grid-item rt-grid-item img_no_effect\" data-id=\"26251\"><div class=\"rt-holder\"><div class=\"rt-row\"><div class='rt-col-sm-4 rt-col-xs-12 '><div class=\"rt-img-holder\"><a data-id='26251' class='' href='https:\/\/www.soymedicina.com\/libros-de-medicina\/rubin-principios-de-patologia-7-edicion\/'><img decoding=\"async\" width=\"1144\" height=\"1496\" src=\"https:\/\/soymedicina.b-cdn.net\/libros-de-medicina\/wp-content\/uploads\/Rubin-Principios-de-Patologia-7-Edicion.jpg\" class=\"rt-img-responsive \" alt=\"Rubin Principios de Patologia - 7 Edici\u00f3n\" \/><\/a><\/div><\/div><div class='rt-col-sm-8 rt-col-xs-12 '><div class='rt-detail'><h3 class=\"entry-title\"><a data-id=\"26251\" class=\"\" href=\"https:\/\/www.soymedicina.com\/libros-de-medicina\/rubin-principios-de-patologia-7-edicion\/\">Rubin Principios de Patologia &#8211; 7 Edici\u00f3n<\/a><\/h3><div class='post-meta-user '><span class='date-meta'><i class='far fa-calendar-alt '><\/i>08\/04\/2022<\/span><\/div><div class='tpg-excerpt'>Rubin. Principios de patolog\u00eda sintetiza de forma enfocada y accesible el contenido de su obra de referencia, Rubin y Strayer. Patolog\u00eda, 7.\u00aa ed. Esta 7.\u00aa edici\u00f3n se ha optimizado para estudiantes que buscan s\u00f3lo la informaci\u00f3n m\u00e1s importante y, con un enfoque particular, se adapta a los planes de estudio m\u00e1s actuales. Incluye contenido histol\u00f3gico,&hellip;...<\/div><span class='read-more '><a data-id='26251' class='' href='https:\/\/www.soymedicina.com\/libros-de-medicina\/rubin-principios-de-patologia-7-edicion\/'>Leer m\u00e1s<\/a><\/span><\/div><\/div><\/div><\/div><\/div><\/div><\/div>[\/vc_column_text][\/vc_column][\/vc_row]\n<\/div><span class=\"et_bloom_bottom_trigger\"><\/span>","protected":false},"excerpt":{"rendered":"<p>[vc_row][vc_column][vc_column_text][\/vc_column_text][\/vc_column][\/vc_row]<\/p>\n","protected":false},"author":1,"featured_media":0,"parent":0,"menu_order":0,"comment_status":"closed","ping_status":"closed","template":"","meta":{"footnotes":""},"class_list":["post-26648","page","type-page","status-publish","hentry"],"rttpg_featured_image_url":null,"rttpg_author":{"display_name":"Administrador","author_link":"https:\/\/www.soymedicina.com\/libros-de-medicina\/author\/administrador\/"},"rttpg_comment":0,"rttpg_category":"","rttpg_excerpt":"[vc_row][vc_column][vc_column_text][\/vc_column_text][\/vc_column][\/vc_row]","_links":{"self":[{"href":"https:\/\/www.soymedicina.com\/libros-de-medicina\/wp-json\/wp\/v2\/pages\/26648","targetHints":{"allow":["GET"]}}],"collection":[{"href":"https:\/\/www.soymedicina.com\/libros-de-medicina\/wp-json\/wp\/v2\/pages"}],"about":[{"href":"https:\/\/www.soymedicina.com\/libros-de-medicina\/wp-json\/wp\/v2\/types\/page"}],"author":[{"embeddable":true,"href":"https:\/\/www.soymedicina.com\/libros-de-medicina\/wp-json\/wp\/v2\/users\/1"}],"replies":[{"embeddable":true,"href":"https:\/\/www.soymedicina.com\/libros-de-medicina\/wp-json\/wp\/v2\/comments?post=26648"}],"version-history":[{"count":1,"href":"https:\/\/www.soymedicina.com\/libros-de-medicina\/wp-json\/wp\/v2\/pages\/26648\/revisions"}],"predecessor-version":[{"id":26664,"href":"https:\/\/www.soymedicina.com\/libros-de-medicina\/wp-json\/wp\/v2\/pages\/26648\/revisions\/26664"}],"wp:attachment":[{"href":"https:\/\/www.soymedicina.com\/libros-de-medicina\/wp-json\/wp\/v2\/media?parent=26648"}],"curies":[{"name":"wp","href":"https:\/\/api.w.org\/{rel}","templated":true}]}}