{"id":26644,"date":"2022-07-12T02:53:05","date_gmt":"2022-07-12T02:53:05","guid":{"rendered":"https:\/\/www.soymedicina.com\/libros-de-medicina\/?page_id=26644"},"modified":"2022-07-12T02:53:05","modified_gmt":"2022-07-12T02:53:05","slug":"obstetricia","status":"publish","type":"page","link":"https:\/\/www.soymedicina.com\/libros-de-medicina\/obstetricia\/","title":{"rendered":"Obstetricia"},"content":{"rendered":"<div class=\"wpb-content-wrapper\">[vc_row][vc_column][vc_column_text]<style type='text\/css' media='all'>#rt-tpg-container-2944125048 .rt-holder .rt-woo-info .price{color:#0367bf;}body .rt-tpg-container .rt-tpg-isotope-buttons .selected,\n\t\t\t\t\t#rt-tpg-container-2944125048 .layout12 .rt-holder:hover .rt-detail,\n\t\t\t\t\t#rt-tpg-container-2944125048 .isotope8 .rt-holder:hover .rt-detail,\n\t\t\t\t\t#rt-tpg-container-2944125048 .carousel8 .rt-holder:hover .rt-detail,\n\t\t\t\t\t#rt-tpg-container-2944125048 .layout13 .rt-holder .overlay .post-info,\n\t\t\t\t\t#rt-tpg-container-2944125048 .isotope9 .rt-holder .overlay .post-info,\n\t\t\t\t\t#rt-tpg-container-2944125048.rt-tpg-container .layout4 .rt-holder .rt-detail,\n\t\t\t\t\t.rt-modal-2944125048 .md-content,\n\t\t\t\t\t.rt-modal-2944125048 .md-content > .rt-md-content-holder .rt-md-content,\n\t\t\t\t\t.rt-popup-wrap-2944125048.rt-popup-wrap .rt-popup-navigation-wrap,\n\t\t\t\t\t#rt-tpg-container-2944125048 .carousel9 .rt-holder .overlay .post-info{background-color:#0367bf;}#rt-tpg-container-2944125048 .layout5 .rt-holder .overlay, #rt-tpg-container-2944125048 .isotope2 .rt-holder .overlay, #rt-tpg-container-2944125048 .carousel2 .rt-holder .overlay,#rt-tpg-container-2944125048 .layout15 .rt-holder h3, #rt-tpg-container-2944125048 .isotope11 .rt-holder h3, #rt-tpg-container-2944125048 .carousel11 .rt-holder h3, #rt-tpg-container-2944125048 .layout16 .rt-holder h3,\n\t\t\t\t\t#rt-tpg-container-2944125048 .isotope12 .rt-holder h3, #rt-tpg-container-2944125048 .carousel12 .rt-holder h3 {background-color:rgba(3,103,191,0.8);}#rt-tpg-container-2944125048 .read-more a{border-radius:px;}#rt-tpg-container-2944125048 .rt-img-holder img.rt-img-responsive,#rt-tpg-container-2944125048 .rt-img-holder,\n\t\t\t\t\t#rt-tpg-container-2944125048 .rt-post-overlay .post-img,\n\t\t\t\t\t#rt-tpg-container-2944125048 .post-sm .post-img,\n\t\t\t\t\t#rt-tpg-container-2944125048 .rt-post-grid .post-img,\n\t\t\t\t\t#rt-tpg-container-2944125048 .post-img img {border-radius:px;}<\/style><div class='rt-container-fluid rt-tpg-container tpg-shortcode-main-wrapper  loading' id='rt-tpg-container-2944125048'   data-layout='layout2' data-grid-style='even' data-desktop-col='1'  data-tab-col='1'  data-mobile-col='1' data-sc-id='26564'><div data-title='Cargando...' class='rt-row rt-content-loader   layout2 tpg-even '><div class=\"rt-col-md-12 rt-col-sm-12 rt-col-xs-12 even-grid-item rt-grid-item img_no_effect\" data-id=\"27438\"><div class=\"rt-holder\"><div class=\"rt-row\"><div class='rt-col-sm-4 rt-col-xs-12 '><div class=\"rt-img-holder\"><a data-id='27438' class='' href='https:\/\/www.soymedicina.com\/libros-de-medicina\/ginecologia-y-obstetricia-de-bolsillo\/'><img decoding=\"async\" width=\"800\" height=\"1339\" src=\"https:\/\/soymedicina.b-cdn.net\/libros-de-medicina\/wp-content\/uploads\/Ginecologia.jpg\" class=\"rt-img-responsive \" alt=\"Ginecologia y Obstetricia de Bolsillo\" \/><\/a><\/div><\/div><div class='rt-col-sm-8 rt-col-xs-12 '><div class='rt-detail'><h3 class=\"entry-title\"><a data-id=\"27438\" class=\"\" href=\"https:\/\/www.soymedicina.com\/libros-de-medicina\/ginecologia-y-obstetricia-de-bolsillo\/\">Ginecologia y Obstetricia de Bolsillo<\/a><\/h3><div class='post-meta-user '><span class='date-meta'><i class='far fa-calendar-alt '><\/i>30\/03\/2023<\/span><\/div><div class='tpg-excerpt'>Ejemplar de obstetricia y ginecolog\u00eda de la popular serie de bolsillo, con contenido apto para la consulta r\u00e1pida del estudiante, residente y profesional de la especialidad. Su contenido concentra informaci\u00f3n valiosa en un texto muy resumido conservando el ya cl\u00e1sico y conocido estilo de la serie de bolsillo. Organizado en 21 secciones, cubre de forma&hellip;...<\/div><span class='read-more '><a data-id='27438' class='' href='https:\/\/www.soymedicina.com\/libros-de-medicina\/ginecologia-y-obstetricia-de-bolsillo\/'>Leer m\u00e1s<\/a><\/span><\/div><\/div><\/div><\/div><\/div><div class=\"rt-col-md-12 rt-col-sm-12 rt-col-xs-12 even-grid-item rt-grid-item img_no_effect\" data-id=\"27202\"><div class=\"rt-holder\"><div class=\"rt-row\"><div class='rt-col-sm-4 rt-col-xs-12 '><div class=\"rt-img-holder\"><a data-id='27202' class='' href='https:\/\/www.soymedicina.com\/libros-de-medicina\/gabbe-obstetricia-8-edicion\/'><img decoding=\"async\" width=\"1194\" height=\"1600\" src=\"https:\/\/soymedicina.b-cdn.net\/libros-de-medicina\/wp-content\/uploads\/Gabbe-Obstetricia.jpg\" class=\"rt-img-responsive \" alt=\"Gabbe Obstetricia - 8 Edicion\" \/><\/a><\/div><\/div><div class='rt-col-sm-8 rt-col-xs-12 '><div class='rt-detail'><h3 class=\"entry-title\"><a data-id=\"27202\" class=\"\" href=\"https:\/\/www.soymedicina.com\/libros-de-medicina\/gabbe-obstetricia-8-edicion\/\">Gabbe Obstetricia &#8211; 8 Edicion<\/a><\/h3><div class='post-meta-user '><span class='date-meta'><i class='far fa-calendar-alt '><\/i>11\/02\/2023<\/span><\/div><div class='tpg-excerpt'>Nos complace presentar la octava edici\u00f3n de\u00a0Gabbe. Obstetricia. Embarazos normales y de riesgo.\u00a0La atenci\u00f3n obst\u00e9trica, como la medicina en general, est\u00e1 experimentando una r\u00e1pida evoluci\u00f3n. El ritmo de dicha evoluci\u00f3n nos ha llevado a reducir el intervalo entre las ediciones de nuestra obra para garantizar que los lectores incorporen de la manera m\u00e1s eficaz los&hellip;...<\/div><span class='read-more '><a data-id='27202' class='' href='https:\/\/www.soymedicina.com\/libros-de-medicina\/gabbe-obstetricia-8-edicion\/'>Leer m\u00e1s<\/a><\/span><\/div><\/div><\/div><\/div><\/div><div class=\"rt-col-md-12 rt-col-sm-12 rt-col-xs-12 even-grid-item rt-grid-item img_no_effect\" data-id=\"27098\"><div class=\"rt-holder\"><div class=\"rt-row\"><div class='rt-col-sm-4 rt-col-xs-12 '><div class=\"rt-img-holder\"><a data-id='27098' class='' href='https:\/\/www.soymedicina.com\/libros-de-medicina\/creasy-resnik-medicina-materno-fetal-8-edicion\/'><img decoding=\"async\" width=\"1200\" height=\"1552\" src=\"https:\/\/soymedicina.b-cdn.net\/libros-de-medicina\/wp-content\/uploads\/Creasy.jpg\" class=\"rt-img-responsive \" alt=\"Creasy &amp; Resnik Medicina Materno-fetal - 8 Edicion\" \/><\/a><\/div><\/div><div class='rt-col-sm-8 rt-col-xs-12 '><div class='rt-detail'><h3 class=\"entry-title\"><a data-id=\"27098\" class=\"\" href=\"https:\/\/www.soymedicina.com\/libros-de-medicina\/creasy-resnik-medicina-materno-fetal-8-edicion\/\">Creasy &#038; Resnik Medicina Materno-fetal &#8211; 8 Edicion<\/a><\/h3><div class='post-meta-user '><span class='date-meta'><i class='far fa-calendar-alt '><\/i>15\/01\/2023<\/span><\/div><div class='tpg-excerpt'>Nos complace presentar la octava edici\u00f3n de\u00a0Medicina materno-fetal. Principios y pr\u00e1ctica.\u00a0Desde la publicaci\u00f3n de la primera edici\u00f3n en 1984, el objetivo de los editores ha sido proporcionar un texto completo que combine la base cient\u00edfica con una exploraci\u00f3n exhaustiva de todas las cuestiones cl\u00ednicas relacionadas con la especialidad. Los cap\u00edtulos se han revisado y actualizado&hellip;...<\/div><span class='read-more '><a data-id='27098' class='' href='https:\/\/www.soymedicina.com\/libros-de-medicina\/creasy-resnik-medicina-materno-fetal-8-edicion\/'>Leer m\u00e1s<\/a><\/span><\/div><\/div><\/div><\/div><\/div><div class=\"rt-col-md-12 rt-col-sm-12 rt-col-xs-12 even-grid-item rt-grid-item img_no_effect\" data-id=\"26883\"><div class=\"rt-holder\"><div class=\"rt-row\"><div class='rt-col-sm-4 rt-col-xs-12 '><div class=\"rt-img-holder\"><a data-id='26883' class='' href='https:\/\/www.soymedicina.com\/libros-de-medicina\/obstetricia-nassif\/'><img decoding=\"async\" width=\"899\" height=\"1280\" src=\"https:\/\/soymedicina.b-cdn.net\/libros-de-medicina\/wp-content\/uploads\/Obstetricia.jpg\" class=\"rt-img-responsive \" alt=\"Obstetricia Nassif\" \/><\/a><\/div><\/div><div class='rt-col-sm-8 rt-col-xs-12 '><div class='rt-detail'><h3 class=\"entry-title\"><a data-id=\"26883\" class=\"\" href=\"https:\/\/www.soymedicina.com\/libros-de-medicina\/obstetricia-nassif\/\">Obstetricia Nassif<\/a><\/h3><div class='post-meta-user '><span class='date-meta'><i class='far fa-calendar-alt '><\/i>15\/09\/2022<\/span><\/div><div class='tpg-excerpt'>Destinada a los estudiantes del ciclo Cl\u00ednico de Medicina, quienes deben en poco tiempo asimilar los principales conocimientos de la Obstetricia, pero tambi\u00e9n dirigida a los profesionales en formaci\u00f3n de la especialidad. Se destaca la importancia de que el alumno lea el texto de cada cap\u00edtulo (momento \u201cdigital\u201d de la ense\u00f1anza) antes de la clase&hellip;...<\/div><span class='read-more '><a data-id='26883' class='' href='https:\/\/www.soymedicina.com\/libros-de-medicina\/obstetricia-nassif\/'>Leer m\u00e1s<\/a><\/span><\/div><\/div><\/div><\/div><\/div><div class=\"rt-col-md-12 rt-col-sm-12 rt-col-xs-12 even-grid-item rt-grid-item img_no_effect\" data-id=\"26777\"><div class=\"rt-holder\"><div class=\"rt-row\"><div class='rt-col-sm-4 rt-col-xs-12 '><div class=\"rt-img-holder\"><a data-id='26777' class='' href='https:\/\/www.soymedicina.com\/libros-de-medicina\/callen-ecografia-en-obstetricia-y-ginecologia-6-edicion\/'><img decoding=\"async\" width=\"321\" height=\"434\" src=\"https:\/\/soymedicina.b-cdn.net\/libros-de-medicina\/wp-content\/uploads\/Callen.jpg\" class=\"rt-img-responsive \" alt=\"Callen Ecograf\u00eda en Obstetricia y Ginecolog\u00eda - 6 Edicion\" \/><\/a><\/div><\/div><div class='rt-col-sm-8 rt-col-xs-12 '><div class='rt-detail'><h3 class=\"entry-title\"><a data-id=\"26777\" class=\"\" href=\"https:\/\/www.soymedicina.com\/libros-de-medicina\/callen-ecografia-en-obstetricia-y-ginecologia-6-edicion\/\">Callen Ecograf\u00eda en Obstetricia y Ginecolog\u00eda &#8211; 6 Edicion<\/a><\/h3><div class='post-meta-user '><span class='date-meta'><i class='far fa-calendar-alt '><\/i>04\/08\/2022<\/span><\/div><div class='tpg-excerpt'>Este libro resulta pr\u00e1cticamente indispensable para radi\u00f3logos, obstetras y ginec\u00f3logos, dado que la ecograf\u00eda es la t\u00e9cnica de diagn\u00f3stico por imagen m\u00e1s utilizada en ginecolog\u00eda y obstetricia. Ello se debe a la importancia que tiene la seguridad en la formaci\u00f3n de las im\u00e1genes del feto y los \u00f3rganos reproductores. Los autores han actualizado de forma&hellip;...<\/div><span class='read-more '><a data-id='26777' class='' href='https:\/\/www.soymedicina.com\/libros-de-medicina\/callen-ecografia-en-obstetricia-y-ginecologia-6-edicion\/'>Leer m\u00e1s<\/a><\/span><\/div><\/div><\/div><\/div><\/div><\/div><div class='rt-pagination-wrap' data-total-pages='2' data-posts-per-page='5' data-type='pagination'  ><div class=\"rt-pagination\" ><ul class=\"pagination-list\"><li class=\"active\"><span>1<\/span><\/li><li><a data-paged='2' href='https:\/\/www.soymedicina.com\/libros-de-medicina\/wp-json\/wp\/v2\/pages\/26644\/page\/2\/'>2<\/a><\/li><\/ul><\/div><\/div><\/div>[\/vc_column_text][\/vc_column][\/vc_row]\n<\/div><span class=\"et_bloom_bottom_trigger\"><\/span>","protected":false},"excerpt":{"rendered":"<p>[vc_row][vc_column][vc_column_text][\/vc_column_text][\/vc_column][\/vc_row]<\/p>\n","protected":false},"author":1,"featured_media":0,"parent":0,"menu_order":0,"comment_status":"closed","ping_status":"closed","template":"","meta":{"footnotes":""},"class_list":["post-26644","page","type-page","status-publish","hentry"],"rttpg_featured_image_url":null,"rttpg_author":{"display_name":"Administrador","author_link":"https:\/\/www.soymedicina.com\/libros-de-medicina\/author\/administrador\/"},"rttpg_comment":0,"rttpg_category":"","rttpg_excerpt":"[vc_row][vc_column][vc_column_text][\/vc_column_text][\/vc_column][\/vc_row]","_links":{"self":[{"href":"https:\/\/www.soymedicina.com\/libros-de-medicina\/wp-json\/wp\/v2\/pages\/26644","targetHints":{"allow":["GET"]}}],"collection":[{"href":"https:\/\/www.soymedicina.com\/libros-de-medicina\/wp-json\/wp\/v2\/pages"}],"about":[{"href":"https:\/\/www.soymedicina.com\/libros-de-medicina\/wp-json\/wp\/v2\/types\/page"}],"author":[{"embeddable":true,"href":"https:\/\/www.soymedicina.com\/libros-de-medicina\/wp-json\/wp\/v2\/users\/1"}],"replies":[{"embeddable":true,"href":"https:\/\/www.soymedicina.com\/libros-de-medicina\/wp-json\/wp\/v2\/comments?post=26644"}],"version-history":[{"count":1,"href":"https:\/\/www.soymedicina.com\/libros-de-medicina\/wp-json\/wp\/v2\/pages\/26644\/revisions"}],"predecessor-version":[{"id":26660,"href":"https:\/\/www.soymedicina.com\/libros-de-medicina\/wp-json\/wp\/v2\/pages\/26644\/revisions\/26660"}],"wp:attachment":[{"href":"https:\/\/www.soymedicina.com\/libros-de-medicina\/wp-json\/wp\/v2\/media?parent=26644"}],"curies":[{"name":"wp","href":"https:\/\/api.w.org\/{rel}","templated":true}]}}