{"id":26641,"date":"2022-07-12T02:52:52","date_gmt":"2022-07-12T02:52:52","guid":{"rendered":"https:\/\/www.soymedicina.com\/libros-de-medicina\/?page_id=26641"},"modified":"2022-07-12T02:52:52","modified_gmt":"2022-07-12T02:52:52","slug":"neurocirugia","status":"publish","type":"page","link":"https:\/\/www.soymedicina.com\/libros-de-medicina\/neurocirugia\/","title":{"rendered":"Neurocirug\u00eda"},"content":{"rendered":"<div class=\"wpb-content-wrapper\">[vc_row][vc_column][vc_column_text]<style type='text\/css' media='all'>#rt-tpg-container-1520452680 .rt-holder .rt-woo-info .price{color:#0367bf;}body .rt-tpg-container .rt-tpg-isotope-buttons .selected,\n\t\t\t\t\t#rt-tpg-container-1520452680 .layout12 .rt-holder:hover .rt-detail,\n\t\t\t\t\t#rt-tpg-container-1520452680 .isotope8 .rt-holder:hover .rt-detail,\n\t\t\t\t\t#rt-tpg-container-1520452680 .carousel8 .rt-holder:hover .rt-detail,\n\t\t\t\t\t#rt-tpg-container-1520452680 .layout13 .rt-holder .overlay .post-info,\n\t\t\t\t\t#rt-tpg-container-1520452680 .isotope9 .rt-holder .overlay .post-info,\n\t\t\t\t\t#rt-tpg-container-1520452680.rt-tpg-container .layout4 .rt-holder .rt-detail,\n\t\t\t\t\t.rt-modal-1520452680 .md-content,\n\t\t\t\t\t.rt-modal-1520452680 .md-content > .rt-md-content-holder .rt-md-content,\n\t\t\t\t\t.rt-popup-wrap-1520452680.rt-popup-wrap .rt-popup-navigation-wrap,\n\t\t\t\t\t#rt-tpg-container-1520452680 .carousel9 .rt-holder .overlay .post-info{background-color:#0367bf;}#rt-tpg-container-1520452680 .layout5 .rt-holder .overlay, #rt-tpg-container-1520452680 .isotope2 .rt-holder .overlay, #rt-tpg-container-1520452680 .carousel2 .rt-holder .overlay,#rt-tpg-container-1520452680 .layout15 .rt-holder h3, #rt-tpg-container-1520452680 .isotope11 .rt-holder h3, #rt-tpg-container-1520452680 .carousel11 .rt-holder h3, #rt-tpg-container-1520452680 .layout16 .rt-holder h3,\n\t\t\t\t\t#rt-tpg-container-1520452680 .isotope12 .rt-holder h3, #rt-tpg-container-1520452680 .carousel12 .rt-holder h3 {background-color:rgba(3,103,191,0.8);}#rt-tpg-container-1520452680 .read-more a{border-radius:px;}#rt-tpg-container-1520452680 .rt-img-holder img.rt-img-responsive,#rt-tpg-container-1520452680 .rt-img-holder,\n\t\t\t\t\t#rt-tpg-container-1520452680 .rt-post-overlay .post-img,\n\t\t\t\t\t#rt-tpg-container-1520452680 .post-sm .post-img,\n\t\t\t\t\t#rt-tpg-container-1520452680 .rt-post-grid .post-img,\n\t\t\t\t\t#rt-tpg-container-1520452680 .post-img img {border-radius:px;}<\/style><div class='rt-container-fluid rt-tpg-container tpg-shortcode-main-wrapper  loading' id='rt-tpg-container-1520452680'   data-layout='layout2' data-grid-style='even' data-desktop-col='1'  data-tab-col='1'  data-mobile-col='1' data-sc-id='26561'><div data-title='Cargando...' class='rt-row rt-content-loader   layout2 tpg-even '><div class=\"rt-col-md-12 rt-col-sm-12 rt-col-xs-12 even-grid-item rt-grid-item img_no_effect\" data-id=\"27450\"><div class=\"rt-holder\"><div class=\"rt-row\"><div class='rt-col-sm-4 rt-col-xs-12 '><div class=\"rt-img-holder\"><a data-id='27450' class='' href='https:\/\/www.soymedicina.com\/libros-de-medicina\/neurocirugia-aspectos-clinicos-y-quirurgicos\/'><img decoding=\"async\" width=\"750\" height=\"1061\" src=\"https:\/\/soymedicina.b-cdn.net\/libros-de-medicina\/wp-content\/uploads\/Neurocirugia.jpg\" class=\"rt-img-responsive \" alt=\"Neurocirug\u00eda Aspectos Cl\u00ednicos y Quirurgicos\" \/><\/a><\/div><\/div><div class='rt-col-sm-8 rt-col-xs-12 '><div class='rt-detail'><h3 class=\"entry-title\"><a data-id=\"27450\" class=\"\" href=\"https:\/\/www.soymedicina.com\/libros-de-medicina\/neurocirugia-aspectos-clinicos-y-quirurgicos\/\">Neurocirug\u00eda Aspectos Cl\u00ednicos y Quirurgicos<\/a><\/h3><div class='post-meta-user '><span class='date-meta'><i class='far fa-calendar-alt '><\/i>06\/04\/2023<\/span><\/div><div class='tpg-excerpt'>Esta obra es la primera en castellano con una estructura de m\u00e1s de cien cap\u00edtulos, que abarcan la totalidad de la neurocirug\u00eda moderna en un estilo directo, concreto y sencillo. Los autores de los diversos cap\u00edtulos son algunos de los m\u00e1s reconocidos especialistas a nivel mundial, junto a renombrados neurocirujanos de Latinoam\u00e9rica. Este libro est\u00e1&hellip;...<\/div><span class='read-more '><a data-id='27450' class='' href='https:\/\/www.soymedicina.com\/libros-de-medicina\/neurocirugia-aspectos-clinicos-y-quirurgicos\/'>Leer m\u00e1s<\/a><\/span><\/div><\/div><\/div><\/div><\/div><div class=\"rt-col-md-12 rt-col-sm-12 rt-col-xs-12 even-grid-item rt-grid-item img_no_effect\" data-id=\"26964\"><div class=\"rt-holder\"><div class=\"rt-row\"><div class='rt-col-sm-4 rt-col-xs-12 '><div class=\"rt-img-holder\"><a data-id='26964' class='' href='https:\/\/www.soymedicina.com\/libros-de-medicina\/neurotrauma-madden-jallo\/'><img decoding=\"async\" width=\"1200\" height=\"1553\" src=\"https:\/\/soymedicina.b-cdn.net\/libros-de-medicina\/wp-content\/uploads\/neurotrauma-5.jpg\" class=\"rt-img-responsive \" alt=\"Neurotrauma Madden &amp; Jallo\" \/><\/a><\/div><\/div><div class='rt-col-sm-8 rt-col-xs-12 '><div class='rt-detail'><h3 class=\"entry-title\"><a data-id=\"26964\" class=\"\" href=\"https:\/\/www.soymedicina.com\/libros-de-medicina\/neurotrauma-madden-jallo\/\">Neurotrauma Madden &#038; Jallo<\/a><\/h3><div class='post-meta-user '><span class='date-meta'><i class='far fa-calendar-alt '><\/i>27\/09\/2022<\/span><\/div><div class='tpg-excerpt'>Part of the\u00a0Neurosurgery by Example\u00a0series, this volume on neurotrauma presents exemplary cases in which renowned authors guide readers through the assessment and planning, decision making, surgical procedure, after care, and complication management of common and uncommon disorders. The cases explore the spectrum of clinical diversity and complexity within neurotrauma, including hematoma, injury...<\/div><span class='read-more '><a data-id='26964' class='' href='https:\/\/www.soymedicina.com\/libros-de-medicina\/neurotrauma-madden-jallo\/'>Leer m\u00e1s<\/a><\/span><\/div><\/div><\/div><\/div><\/div><div class=\"rt-col-md-12 rt-col-sm-12 rt-col-xs-12 even-grid-item rt-grid-item img_no_effect\" data-id=\"26359\"><div class=\"rt-holder\"><div class=\"rt-row\"><div class='rt-col-sm-4 rt-col-xs-12 '><div class=\"rt-img-holder\"><a data-id='26359' class='' href='https:\/\/www.soymedicina.com\/libros-de-medicina\/introduccion-a-la-neurocirugia-2-edicion\/'><img decoding=\"async\" width=\"1157\" height=\"1600\" src=\"https:\/\/soymedicina.b-cdn.net\/libros-de-medicina\/wp-content\/uploads\/1.jpg\" class=\"rt-img-responsive \" alt=\"Introducci\u00f3n a la Neurocirug\u00eda - 2 Edicion\" \/><\/a><\/div><\/div><div class='rt-col-sm-8 rt-col-xs-12 '><div class='rt-detail'><h3 class=\"entry-title\"><a data-id=\"26359\" class=\"\" href=\"https:\/\/www.soymedicina.com\/libros-de-medicina\/introduccion-a-la-neurocirugia-2-edicion\/\">Introducci\u00f3n a la Neurocirug\u00eda &#8211; 2 Edicion<\/a><\/h3><div class='post-meta-user '><span class='date-meta'><i class='far fa-calendar-alt '><\/i>09\/07\/2022<\/span><\/div><div class='tpg-excerpt'>Introducci\u00f3n a la Neurocirug\u00eda es una obra imprescindible para los alumnos de la formaci\u00f3n de grado en la carrera de Medicina y para quienes reci\u00e9n se acercan a la especialidad. La experiencia ganada en las dos ediciones previas y las devoluciones recibidas de los lectores han enriquecido esta tercera edici\u00f3n. Si bien se mantiene la&hellip;...<\/div><span class='read-more '><a data-id='26359' class='' href='https:\/\/www.soymedicina.com\/libros-de-medicina\/introduccion-a-la-neurocirugia-2-edicion\/'>Leer m\u00e1s<\/a><\/span><\/div><\/div><\/div><\/div><\/div><\/div><\/div>[\/vc_column_text][\/vc_column][\/vc_row]\n<\/div><span class=\"et_bloom_bottom_trigger\"><\/span>","protected":false},"excerpt":{"rendered":"<p>[vc_row][vc_column][vc_column_text][\/vc_column_text][\/vc_column][\/vc_row]<\/p>\n","protected":false},"author":1,"featured_media":0,"parent":0,"menu_order":0,"comment_status":"closed","ping_status":"closed","template":"","meta":{"footnotes":""},"class_list":["post-26641","page","type-page","status-publish","hentry"],"rttpg_featured_image_url":null,"rttpg_author":{"display_name":"Administrador","author_link":"https:\/\/www.soymedicina.com\/libros-de-medicina\/author\/administrador\/"},"rttpg_comment":0,"rttpg_category":"","rttpg_excerpt":"[vc_row][vc_column][vc_column_text][\/vc_column_text][\/vc_column][\/vc_row]","_links":{"self":[{"href":"https:\/\/www.soymedicina.com\/libros-de-medicina\/wp-json\/wp\/v2\/pages\/26641","targetHints":{"allow":["GET"]}}],"collection":[{"href":"https:\/\/www.soymedicina.com\/libros-de-medicina\/wp-json\/wp\/v2\/pages"}],"about":[{"href":"https:\/\/www.soymedicina.com\/libros-de-medicina\/wp-json\/wp\/v2\/types\/page"}],"author":[{"embeddable":true,"href":"https:\/\/www.soymedicina.com\/libros-de-medicina\/wp-json\/wp\/v2\/users\/1"}],"replies":[{"embeddable":true,"href":"https:\/\/www.soymedicina.com\/libros-de-medicina\/wp-json\/wp\/v2\/comments?post=26641"}],"version-history":[{"count":1,"href":"https:\/\/www.soymedicina.com\/libros-de-medicina\/wp-json\/wp\/v2\/pages\/26641\/revisions"}],"predecessor-version":[{"id":26657,"href":"https:\/\/www.soymedicina.com\/libros-de-medicina\/wp-json\/wp\/v2\/pages\/26641\/revisions\/26657"}],"wp:attachment":[{"href":"https:\/\/www.soymedicina.com\/libros-de-medicina\/wp-json\/wp\/v2\/media?parent=26641"}],"curies":[{"name":"wp","href":"https:\/\/api.w.org\/{rel}","templated":true}]}}