{"id":26614,"date":"2022-07-12T02:49:26","date_gmt":"2022-07-12T02:49:26","guid":{"rendered":"https:\/\/www.soymedicina.com\/libros-de-medicina\/?page_id=26614"},"modified":"2022-07-12T02:49:26","modified_gmt":"2022-07-12T02:49:26","slug":"genetica","status":"publish","type":"page","link":"https:\/\/www.soymedicina.com\/libros-de-medicina\/genetica\/","title":{"rendered":"Gen\u00e9tica"},"content":{"rendered":"<div class=\"wpb-content-wrapper\">[vc_row][vc_column][vc_column_text]<style type='text\/css' media='all'>#rt-tpg-container-2147343237 .rt-holder .rt-woo-info .price{color:#0367bf;}body .rt-tpg-container .rt-tpg-isotope-buttons .selected,\n\t\t\t\t\t#rt-tpg-container-2147343237 .layout12 .rt-holder:hover .rt-detail,\n\t\t\t\t\t#rt-tpg-container-2147343237 .isotope8 .rt-holder:hover .rt-detail,\n\t\t\t\t\t#rt-tpg-container-2147343237 .carousel8 .rt-holder:hover .rt-detail,\n\t\t\t\t\t#rt-tpg-container-2147343237 .layout13 .rt-holder .overlay .post-info,\n\t\t\t\t\t#rt-tpg-container-2147343237 .isotope9 .rt-holder .overlay .post-info,\n\t\t\t\t\t#rt-tpg-container-2147343237.rt-tpg-container .layout4 .rt-holder .rt-detail,\n\t\t\t\t\t.rt-modal-2147343237 .md-content,\n\t\t\t\t\t.rt-modal-2147343237 .md-content > .rt-md-content-holder .rt-md-content,\n\t\t\t\t\t.rt-popup-wrap-2147343237.rt-popup-wrap .rt-popup-navigation-wrap,\n\t\t\t\t\t#rt-tpg-container-2147343237 .carousel9 .rt-holder .overlay .post-info{background-color:#0367bf;}#rt-tpg-container-2147343237 .layout5 .rt-holder .overlay, #rt-tpg-container-2147343237 .isotope2 .rt-holder .overlay, #rt-tpg-container-2147343237 .carousel2 .rt-holder .overlay,#rt-tpg-container-2147343237 .layout15 .rt-holder h3, #rt-tpg-container-2147343237 .isotope11 .rt-holder h3, #rt-tpg-container-2147343237 .carousel11 .rt-holder h3, #rt-tpg-container-2147343237 .layout16 .rt-holder h3,\n\t\t\t\t\t#rt-tpg-container-2147343237 .isotope12 .rt-holder h3, #rt-tpg-container-2147343237 .carousel12 .rt-holder h3 {background-color:rgba(3,103,191,0.8);}#rt-tpg-container-2147343237 .read-more a{border-radius:px;}#rt-tpg-container-2147343237 .rt-img-holder img.rt-img-responsive,#rt-tpg-container-2147343237 .rt-img-holder,\n\t\t\t\t\t#rt-tpg-container-2147343237 .rt-post-overlay .post-img,\n\t\t\t\t\t#rt-tpg-container-2147343237 .post-sm .post-img,\n\t\t\t\t\t#rt-tpg-container-2147343237 .rt-post-grid .post-img,\n\t\t\t\t\t#rt-tpg-container-2147343237 .post-img img {border-radius:px;}<\/style><div class='rt-container-fluid rt-tpg-container tpg-shortcode-main-wrapper  loading' id='rt-tpg-container-2147343237'   data-layout='layout2' data-grid-style='even' data-desktop-col='1'  data-tab-col='1'  data-mobile-col='1' data-sc-id='26548'><div data-title='Cargando...' class='rt-row rt-content-loader   layout2 tpg-even '><div class=\"rt-col-md-12 rt-col-sm-12 rt-col-xs-12 even-grid-item rt-grid-item img_no_effect\" data-id=\"27166\"><div class=\"rt-holder\"><div class=\"rt-row\"><div class='rt-col-sm-4 rt-col-xs-12 '><div class=\"rt-img-holder\"><a data-id='27166' class='' href='https:\/\/www.soymedicina.com\/libros-de-medicina\/genetica-clinica-diagnostico-y-manejo-de-las-enfermedades-hereditarias-3-edicion\/'><img decoding=\"async\" width=\"600\" height=\"865\" src=\"https:\/\/soymedicina.b-cdn.net\/libros-de-medicina\/wp-content\/uploads\/Genetica-Clinica.jpg\" class=\"rt-img-responsive \" alt=\"Gen\u00e9tica Cl\u00ednica Diagn\u00f3stico y Manejo de las Enfermedades Hereditarias - 3 Edicion\" \/><\/a><\/div><\/div><div class='rt-col-sm-8 rt-col-xs-12 '><div class='rt-detail'><h3 class=\"entry-title\"><a data-id=\"27166\" class=\"\" href=\"https:\/\/www.soymedicina.com\/libros-de-medicina\/genetica-clinica-diagnostico-y-manejo-de-las-enfermedades-hereditarias-3-edicion\/\">Gen\u00e9tica Cl\u00ednica Diagn\u00f3stico y Manejo de las Enfermedades Hereditarias &#8211; 3 Edicion<\/a><\/h3><div class='post-meta-user '><span class='date-meta'><i class='far fa-calendar-alt '><\/i>05\/02\/2023<\/span><\/div><div class='tpg-excerpt'>Debido al \u00e9xito de las dos ediciones de Gen\u00e9tica cl\u00ednica y a los avances que ha experimentado la gen\u00e9tica humana, en particular lo referente al Proyecto genoma humano el doctor Guisar-V\u00e1zquez reestructuro completamente la obra, agregando 8 cap\u00edtulos y tres ap\u00e9ndices. Algunos de \u00e9stos tratan temas que se describieron en la edici\u00f3n anterior, pero que&hellip;...<\/div><span class='read-more '><a data-id='27166' class='' href='https:\/\/www.soymedicina.com\/libros-de-medicina\/genetica-clinica-diagnostico-y-manejo-de-las-enfermedades-hereditarias-3-edicion\/'>Leer m\u00e1s<\/a><\/span><\/div><\/div><\/div><\/div><\/div><div class=\"rt-col-md-12 rt-col-sm-12 rt-col-xs-12 even-grid-item rt-grid-item img_no_effect\" data-id=\"26940\"><div class=\"rt-holder\"><div class=\"rt-row\"><div class='rt-col-sm-4 rt-col-xs-12 '><div class=\"rt-img-holder\"><a data-id='26940' class='' href='https:\/\/www.soymedicina.com\/libros-de-medicina\/elementos-de-genetica-13-edicion\/'><img decoding=\"async\" width=\"498\" height=\"642\" src=\"https:\/\/soymedicina.b-cdn.net\/libros-de-medicina\/wp-content\/uploads\/Emery.jpg\" class=\"rt-img-responsive \" alt=\"Elementos de Gen\u00e9tica - 13 Edicion\" \/><\/a><\/div><\/div><div class='rt-col-sm-8 rt-col-xs-12 '><div class='rt-detail'><h3 class=\"entry-title\"><a data-id=\"26940\" class=\"\" href=\"https:\/\/www.soymedicina.com\/libros-de-medicina\/elementos-de-genetica-13-edicion\/\">Elementos de Gen\u00e9tica &#8211; 13 Edicion<\/a><\/h3><div class='post-meta-user '><span class='date-meta'><i class='far fa-calendar-alt '><\/i>23\/09\/2022<\/span><\/div><div class='tpg-excerpt'>Nueva edici\u00f3n de un texto cl\u00e1sico y muy consolidado en la disciplina y que sigue fundamentalmente la misma filosof\u00eda que las ediciones anteriores; es decir sentar perfectamente las bases de la gen\u00e9tica m\u00e9dica a la vez que ofrece un mayor detalle en aquellos que quieran profundizar mas; por ejemplo en los campo de la epigen\u00e9tica&hellip;...<\/div><span class='read-more '><a data-id='26940' class='' href='https:\/\/www.soymedicina.com\/libros-de-medicina\/elementos-de-genetica-13-edicion\/'>Leer m\u00e1s<\/a><\/span><\/div><\/div><\/div><\/div><\/div><div class=\"rt-col-md-12 rt-col-sm-12 rt-col-xs-12 even-grid-item rt-grid-item img_no_effect\" data-id=\"26760\"><div class=\"rt-holder\"><div class=\"rt-row\"><div class='rt-col-sm-4 rt-col-xs-12 '><div class=\"rt-img-holder\"><a data-id='26760' class='' href='https:\/\/www.soymedicina.com\/libros-de-medicina\/manual-cto-medicina-y-cirugia-12-edicion\/'><img decoding=\"async\" width=\"435\" height=\"570\" src=\"https:\/\/soymedicina.b-cdn.net\/libros-de-medicina\/wp-content\/uploads\/CTO.png\" class=\"rt-img-responsive \" alt=\"Manual CTO Medicina y Cirug\u00eda - 12 Edici\u00f3n\" \/><\/a><\/div><\/div><div class='rt-col-sm-8 rt-col-xs-12 '><div class='rt-detail'><h3 class=\"entry-title\"><a data-id=\"26760\" class=\"\" href=\"https:\/\/www.soymedicina.com\/libros-de-medicina\/manual-cto-medicina-y-cirugia-12-edicion\/\">Manual CTO Medicina y Cirug\u00eda &#8211; 12 Edici\u00f3n<\/a><\/h3><div class='post-meta-user '><span class='date-meta'><i class='far fa-calendar-alt '><\/i>20\/07\/2022<\/span><\/div><div class='tpg-excerpt'>Nueva edici\u00f3n del Manual de CTO 12\u00aa, con los contenidos de todas las especialidades m\u00e9dicas completamente actualizados y un nuevo formato de edici\u00f3n en el que se pone, una vez m\u00e1s, de manifiesto la capacidad de CTO para aunar el desarrollo de los conocimientos m\u00e9dicos con las facilidades para el estudio basados en un enfoque&hellip;...<\/div><span class='read-more '><a data-id='26760' class='' href='https:\/\/www.soymedicina.com\/libros-de-medicina\/manual-cto-medicina-y-cirugia-12-edicion\/'>Leer m\u00e1s<\/a><\/span><\/div><\/div><\/div><\/div><\/div><div class=\"rt-col-md-12 rt-col-sm-12 rt-col-xs-12 even-grid-item rt-grid-item img_no_effect\" data-id=\"26268\"><div class=\"rt-holder\"><div class=\"rt-row\"><div class='rt-col-sm-4 rt-col-xs-12 '><div class=\"rt-img-holder\"><a data-id='26268' class='' href='https:\/\/www.soymedicina.com\/libros-de-medicina\/genetica-humana-solari-4-edicion\/'><img decoding=\"async\" width=\"1016\" height=\"1402\" src=\"https:\/\/soymedicina.b-cdn.net\/libros-de-medicina\/wp-content\/uploads\/71py-FE2m4L.jpg\" class=\"rt-img-responsive \" alt=\"Gen\u00e9tica Humana Solari - 4 Edicion\" \/><\/a><\/div><\/div><div class='rt-col-sm-8 rt-col-xs-12 '><div class='rt-detail'><h3 class=\"entry-title\"><a data-id=\"26268\" class=\"\" href=\"https:\/\/www.soymedicina.com\/libros-de-medicina\/genetica-humana-solari-4-edicion\/\">Gen\u00e9tica Humana Solari &#8211; 4 Edicion<\/a><\/h3><div class='post-meta-user '><span class='date-meta'><i class='far fa-calendar-alt '><\/i>17\/04\/2022<\/span><\/div><div class='tpg-excerpt'>Con el pasar de los a\u00f1os, la importancia de conocer el genoma humano se ha vuelto incuestionable, tanto en la carrera de medicina como en la pr\u00e1ctica m\u00e9dica. Todas las especialidades de la medicina son hoy deudoras de los conocimientos de la Gen\u00e9tica, y la ense\u00f1anza de las materias b\u00e1sicas est\u00e1 cada d\u00eda m\u00e1s fundamentada&hellip;...<\/div><span class='read-more '><a data-id='26268' class='' href='https:\/\/www.soymedicina.com\/libros-de-medicina\/genetica-humana-solari-4-edicion\/'>Leer m\u00e1s<\/a><\/span><\/div><\/div><\/div><\/div><\/div><div class=\"rt-col-md-12 rt-col-sm-12 rt-col-xs-12 even-grid-item rt-grid-item img_no_effect\" data-id=\"26125\"><div class=\"rt-holder\"><div class=\"rt-row\"><div class='rt-col-sm-4 rt-col-xs-12 '><div class=\"rt-img-holder\"><a data-id='26125' class='' href='https:\/\/www.soymedicina.com\/libros-de-medicina\/genetica-medica-jorde-5-edicion\/'><img decoding=\"async\" width=\"768\" height=\"1024\" src=\"https:\/\/soymedicina.b-cdn.net\/libros-de-medicina\/wp-content\/uploads\/Genetica-Medica-Jorde-5a-Edicion.jpg\" class=\"rt-img-responsive \" alt=\"Gen\u00e9tica M\u00e9dica Jorde - 5 Edici\u00f3n\" \/><\/a><\/div><\/div><div class='rt-col-sm-8 rt-col-xs-12 '><div class='rt-detail'><h3 class=\"entry-title\"><a data-id=\"26125\" class=\"\" href=\"https:\/\/www.soymedicina.com\/libros-de-medicina\/genetica-medica-jorde-5-edicion\/\">Gen\u00e9tica M\u00e9dica Jorde &#8211; 5 Edici\u00f3n<\/a><\/h3><div class='post-meta-user '><span class='date-meta'><i class='far fa-calendar-alt '><\/i>22\/09\/2021<\/span><\/div><div class='tpg-excerpt'>Las actualizaciones fundamentales de esta nueva edici\u00f3n abarcan los \u00faltimos avances, que se integran con la pr\u00e1ctica clinica para subrayar los principios b\u00e1sicos y el modo en que se aplican a la pr\u00e1ctica. Los aspectos cl\u00ednicamente relevantes se presentan mediante fotograf\u00edas, ilustraciones y tablas, as\u00ed como con cuadros que contienen historias de pacientes y familias,&hellip;...<\/div><span class='read-more '><a data-id='26125' class='' href='https:\/\/www.soymedicina.com\/libros-de-medicina\/genetica-medica-jorde-5-edicion\/'>Leer m\u00e1s<\/a><\/span><\/div><\/div><\/div><\/div><\/div><\/div><\/div>[\/vc_column_text][\/vc_column][\/vc_row]\n<\/div><span class=\"et_bloom_bottom_trigger\"><\/span>","protected":false},"excerpt":{"rendered":"<p>[vc_row][vc_column][vc_column_text][\/vc_column_text][\/vc_column][\/vc_row]<\/p>\n","protected":false},"author":1,"featured_media":0,"parent":0,"menu_order":0,"comment_status":"closed","ping_status":"closed","template":"","meta":{"footnotes":""},"class_list":["post-26614","page","type-page","status-publish","hentry"],"rttpg_featured_image_url":null,"rttpg_author":{"display_name":"Administrador","author_link":"https:\/\/www.soymedicina.com\/libros-de-medicina\/author\/administrador\/"},"rttpg_comment":0,"rttpg_category":"","rttpg_excerpt":"[vc_row][vc_column][vc_column_text][\/vc_column_text][\/vc_column][\/vc_row]","_links":{"self":[{"href":"https:\/\/www.soymedicina.com\/libros-de-medicina\/wp-json\/wp\/v2\/pages\/26614","targetHints":{"allow":["GET"]}}],"collection":[{"href":"https:\/\/www.soymedicina.com\/libros-de-medicina\/wp-json\/wp\/v2\/pages"}],"about":[{"href":"https:\/\/www.soymedicina.com\/libros-de-medicina\/wp-json\/wp\/v2\/types\/page"}],"author":[{"embeddable":true,"href":"https:\/\/www.soymedicina.com\/libros-de-medicina\/wp-json\/wp\/v2\/users\/1"}],"replies":[{"embeddable":true,"href":"https:\/\/www.soymedicina.com\/libros-de-medicina\/wp-json\/wp\/v2\/comments?post=26614"}],"version-history":[{"count":1,"href":"https:\/\/www.soymedicina.com\/libros-de-medicina\/wp-json\/wp\/v2\/pages\/26614\/revisions"}],"predecessor-version":[{"id":26628,"href":"https:\/\/www.soymedicina.com\/libros-de-medicina\/wp-json\/wp\/v2\/pages\/26614\/revisions\/26628"}],"wp:attachment":[{"href":"https:\/\/www.soymedicina.com\/libros-de-medicina\/wp-json\/wp\/v2\/media?parent=26614"}],"curies":[{"name":"wp","href":"https:\/\/api.w.org\/{rel}","templated":true}]}}