{"id":26592,"date":"2022-07-12T02:47:10","date_gmt":"2022-07-12T02:47:10","guid":{"rendered":"https:\/\/www.soymedicina.com\/libros-de-medicina\/?page_id=26592"},"modified":"2022-07-12T02:47:10","modified_gmt":"2022-07-12T02:47:10","slug":"fisiatria","status":"publish","type":"page","link":"https:\/\/www.soymedicina.com\/libros-de-medicina\/fisiatria\/","title":{"rendered":"Fisiatr\u00eda"},"content":{"rendered":"<div class=\"wpb-content-wrapper\">[vc_row][vc_column][vc_column_text]<style type='text\/css' media='all'>#rt-tpg-container-3926871991 .rt-holder .rt-woo-info .price{color:#0367bf;}body .rt-tpg-container .rt-tpg-isotope-buttons .selected,\n\t\t\t\t\t#rt-tpg-container-3926871991 .layout12 .rt-holder:hover .rt-detail,\n\t\t\t\t\t#rt-tpg-container-3926871991 .isotope8 .rt-holder:hover .rt-detail,\n\t\t\t\t\t#rt-tpg-container-3926871991 .carousel8 .rt-holder:hover .rt-detail,\n\t\t\t\t\t#rt-tpg-container-3926871991 .layout13 .rt-holder .overlay .post-info,\n\t\t\t\t\t#rt-tpg-container-3926871991 .isotope9 .rt-holder .overlay .post-info,\n\t\t\t\t\t#rt-tpg-container-3926871991.rt-tpg-container .layout4 .rt-holder .rt-detail,\n\t\t\t\t\t.rt-modal-3926871991 .md-content,\n\t\t\t\t\t.rt-modal-3926871991 .md-content > .rt-md-content-holder .rt-md-content,\n\t\t\t\t\t.rt-popup-wrap-3926871991.rt-popup-wrap .rt-popup-navigation-wrap,\n\t\t\t\t\t#rt-tpg-container-3926871991 .carousel9 .rt-holder .overlay .post-info{background-color:#0367bf;}#rt-tpg-container-3926871991 .layout5 .rt-holder .overlay, #rt-tpg-container-3926871991 .isotope2 .rt-holder .overlay, #rt-tpg-container-3926871991 .carousel2 .rt-holder .overlay,#rt-tpg-container-3926871991 .layout15 .rt-holder h3, #rt-tpg-container-3926871991 .isotope11 .rt-holder h3, #rt-tpg-container-3926871991 .carousel11 .rt-holder h3, #rt-tpg-container-3926871991 .layout16 .rt-holder h3,\n\t\t\t\t\t#rt-tpg-container-3926871991 .isotope12 .rt-holder h3, #rt-tpg-container-3926871991 .carousel12 .rt-holder h3 {background-color:rgba(3,103,191,0.8);}#rt-tpg-container-3926871991 .read-more a{border-radius:px;}#rt-tpg-container-3926871991 .rt-img-holder img.rt-img-responsive,#rt-tpg-container-3926871991 .rt-img-holder,\n\t\t\t\t\t#rt-tpg-container-3926871991 .rt-post-overlay .post-img,\n\t\t\t\t\t#rt-tpg-container-3926871991 .post-sm .post-img,\n\t\t\t\t\t#rt-tpg-container-3926871991 .rt-post-grid .post-img,\n\t\t\t\t\t#rt-tpg-container-3926871991 .post-img img {border-radius:px;}<\/style><div class='rt-container-fluid rt-tpg-container tpg-shortcode-main-wrapper  loading' id='rt-tpg-container-3926871991'   data-layout='layout2' data-grid-style='even' data-desktop-col='1'  data-tab-col='1'  data-mobile-col='1' data-sc-id='26543'><div data-title='Cargando...' class='rt-row rt-content-loader   layout2 tpg-even '><div class=\"rt-col-md-12 rt-col-sm-12 rt-col-xs-12 even-grid-item rt-grid-item img_no_effect\" data-id=\"26362\"><div class=\"rt-holder\"><div class=\"rt-row\"><div class='rt-col-sm-4 rt-col-xs-12 '><div class=\"rt-img-holder\"><a data-id='26362' class='' href='https:\/\/www.soymedicina.com\/libros-de-medicina\/la-marcha-humana-biomecanica-evaluacion-y-patologia\/'><img decoding=\"async\" width=\"640\" height=\"900\" src=\"https:\/\/soymedicina.b-cdn.net\/libros-de-medicina\/wp-content\/uploads\/ezgif.com-gif-maker.jpg\" class=\"rt-img-responsive \" alt=\"La Marcha Humana. Biomec\u00e1nica, Evaluaci\u00f3n y Patolog\u00eda\" \/><\/a><\/div><\/div><div class='rt-col-sm-8 rt-col-xs-12 '><div class='rt-detail'><h3 class=\"entry-title\"><a data-id=\"26362\" class=\"\" href=\"https:\/\/www.soymedicina.com\/libros-de-medicina\/la-marcha-humana-biomecanica-evaluacion-y-patologia\/\">La Marcha Humana. Biomec\u00e1nica, Evaluaci\u00f3n y Patolog\u00eda<\/a><\/h3><div class='post-meta-user '><span class='date-meta'><i class='far fa-calendar-alt '><\/i>09\/07\/2022<\/span><\/div><div class='tpg-excerpt'>El movimiento representa un elemento intr\u00ednseco de la vida cotidiana que impregna cualquier actividad desempe\u00f1ada a diario y que resulta esencial para la interrelaci\u00f3n de las personas. Una caracter\u00edstica importante de nuestra independencia como seres humanos es la marcha b\u00edpeda, la cual nos permite trasladarnos seguros e independientes de un lugar a otro. Una zancada&hellip;...<\/div><span class='read-more '><a data-id='26362' class='' href='https:\/\/www.soymedicina.com\/libros-de-medicina\/la-marcha-humana-biomecanica-evaluacion-y-patologia\/'>Leer m\u00e1s<\/a><\/span><\/div><\/div><\/div><\/div><\/div><\/div><\/div>[\/vc_column_text][\/vc_column][\/vc_row]\n<\/div><span class=\"et_bloom_bottom_trigger\"><\/span>","protected":false},"excerpt":{"rendered":"<p>[vc_row][vc_column][vc_column_text][\/vc_column_text][\/vc_column][\/vc_row]<\/p>\n","protected":false},"author":1,"featured_media":0,"parent":0,"menu_order":0,"comment_status":"closed","ping_status":"closed","template":"","meta":{"footnotes":""},"class_list":["post-26592","page","type-page","status-publish","hentry"],"rttpg_featured_image_url":null,"rttpg_author":{"display_name":"Administrador","author_link":"https:\/\/www.soymedicina.com\/libros-de-medicina\/author\/administrador\/"},"rttpg_comment":0,"rttpg_category":"","rttpg_excerpt":"[vc_row][vc_column][vc_column_text][\/vc_column_text][\/vc_column][\/vc_row]","_links":{"self":[{"href":"https:\/\/www.soymedicina.com\/libros-de-medicina\/wp-json\/wp\/v2\/pages\/26592","targetHints":{"allow":["GET"]}}],"collection":[{"href":"https:\/\/www.soymedicina.com\/libros-de-medicina\/wp-json\/wp\/v2\/pages"}],"about":[{"href":"https:\/\/www.soymedicina.com\/libros-de-medicina\/wp-json\/wp\/v2\/types\/page"}],"author":[{"embeddable":true,"href":"https:\/\/www.soymedicina.com\/libros-de-medicina\/wp-json\/wp\/v2\/users\/1"}],"replies":[{"embeddable":true,"href":"https:\/\/www.soymedicina.com\/libros-de-medicina\/wp-json\/wp\/v2\/comments?post=26592"}],"version-history":[{"count":1,"href":"https:\/\/www.soymedicina.com\/libros-de-medicina\/wp-json\/wp\/v2\/pages\/26592\/revisions"}],"predecessor-version":[{"id":26609,"href":"https:\/\/www.soymedicina.com\/libros-de-medicina\/wp-json\/wp\/v2\/pages\/26592\/revisions\/26609"}],"wp:attachment":[{"href":"https:\/\/www.soymedicina.com\/libros-de-medicina\/wp-json\/wp\/v2\/media?parent=26592"}],"curies":[{"name":"wp","href":"https:\/\/api.w.org\/{rel}","templated":true}]}}