{"id":26586,"date":"2022-07-12T02:46:39","date_gmt":"2022-07-12T02:46:39","guid":{"rendered":"https:\/\/www.soymedicina.com\/libros-de-medicina\/?page_id=26586"},"modified":"2022-07-12T02:46:39","modified_gmt":"2022-07-12T02:46:39","slug":"embriologia","status":"publish","type":"page","link":"https:\/\/www.soymedicina.com\/libros-de-medicina\/embriologia\/","title":{"rendered":"Embriolog\u00eda"},"content":{"rendered":"<div class=\"wpb-content-wrapper\">[vc_row][vc_column][vc_column_text]<style type='text\/css' media='all'>#rt-tpg-container-892188866 .rt-holder .rt-woo-info .price{color:#0367bf;}body .rt-tpg-container .rt-tpg-isotope-buttons .selected,\n\t\t\t\t\t#rt-tpg-container-892188866 .layout12 .rt-holder:hover .rt-detail,\n\t\t\t\t\t#rt-tpg-container-892188866 .isotope8 .rt-holder:hover .rt-detail,\n\t\t\t\t\t#rt-tpg-container-892188866 .carousel8 .rt-holder:hover .rt-detail,\n\t\t\t\t\t#rt-tpg-container-892188866 .layout13 .rt-holder .overlay .post-info,\n\t\t\t\t\t#rt-tpg-container-892188866 .isotope9 .rt-holder .overlay .post-info,\n\t\t\t\t\t#rt-tpg-container-892188866.rt-tpg-container .layout4 .rt-holder .rt-detail,\n\t\t\t\t\t.rt-modal-892188866 .md-content,\n\t\t\t\t\t.rt-modal-892188866 .md-content > .rt-md-content-holder .rt-md-content,\n\t\t\t\t\t.rt-popup-wrap-892188866.rt-popup-wrap .rt-popup-navigation-wrap,\n\t\t\t\t\t#rt-tpg-container-892188866 .carousel9 .rt-holder .overlay .post-info{background-color:#0367bf;}#rt-tpg-container-892188866 .layout5 .rt-holder .overlay, #rt-tpg-container-892188866 .isotope2 .rt-holder .overlay, #rt-tpg-container-892188866 .carousel2 .rt-holder .overlay,#rt-tpg-container-892188866 .layout15 .rt-holder h3, #rt-tpg-container-892188866 .isotope11 .rt-holder h3, #rt-tpg-container-892188866 .carousel11 .rt-holder h3, #rt-tpg-container-892188866 .layout16 .rt-holder h3,\n\t\t\t\t\t#rt-tpg-container-892188866 .isotope12 .rt-holder h3, #rt-tpg-container-892188866 .carousel12 .rt-holder h3 {background-color:rgba(3,103,191,0.8);}#rt-tpg-container-892188866 .read-more a{border-radius:px;}#rt-tpg-container-892188866 .rt-img-holder img.rt-img-responsive,#rt-tpg-container-892188866 .rt-img-holder,\n\t\t\t\t\t#rt-tpg-container-892188866 .rt-post-overlay .post-img,\n\t\t\t\t\t#rt-tpg-container-892188866 .post-sm .post-img,\n\t\t\t\t\t#rt-tpg-container-892188866 .rt-post-grid .post-img,\n\t\t\t\t\t#rt-tpg-container-892188866 .post-img img {border-radius:px;}<\/style><div class='rt-container-fluid rt-tpg-container tpg-shortcode-main-wrapper  loading' id='rt-tpg-container-892188866'   data-layout='layout2' data-grid-style='even' data-desktop-col='1'  data-tab-col='1'  data-mobile-col='1' data-sc-id='26537'><div data-title='Cargando...' class='rt-row rt-content-loader   layout2 tpg-even '><div class=\"rt-col-md-12 rt-col-sm-12 rt-col-xs-12 even-grid-item rt-grid-item img_no_effect\" data-id=\"27133\"><div class=\"rt-holder\"><div class=\"rt-row\"><div class='rt-col-sm-4 rt-col-xs-12 '><div class=\"rt-img-holder\"><a data-id='27133' class='' href='https:\/\/www.soymedicina.com\/libros-de-medicina\/embriologia-clinica-11-edicion\/'><img decoding=\"async\" width=\"1249\" height=\"1600\" src=\"https:\/\/soymedicina.b-cdn.net\/libros-de-medicina\/wp-content\/uploads\/Embriologia-Moore-11-1.jpg\" class=\"rt-img-responsive \" alt=\"Embriolog\u00eda Cl\u00ednica - 11 Edicion\" \/><\/a><\/div><\/div><div class='rt-col-sm-8 rt-col-xs-12 '><div class='rt-detail'><h3 class=\"entry-title\"><a data-id=\"27133\" class=\"\" href=\"https:\/\/www.soymedicina.com\/libros-de-medicina\/embriologia-clinica-11-edicion\/\">Embriolog\u00eda Cl\u00ednica &#8211; 11 Edicion<\/a><\/h3><div class='post-meta-user '><span class='date-meta'><i class='far fa-calendar-alt '><\/i>03\/02\/2023<\/span><\/div><div class='tpg-excerpt'>Tras m\u00e1s de 40 a\u00f1os en el mercado, se presenta la nueva edici\u00f3n de Moore Embriolog\u00eda cl\u00ednica, el texto m\u00e1s prestigioso y con mayor grado de correlaci\u00f3n cl\u00ednica en nuestro portfolio. Su objetivo es ofrecer de una forma concisa, pero detallada la informaci\u00f3n y conocimientos que el estudiante de medicina debe adquirir sobre el desarrollo&hellip;...<\/div><span class='read-more '><a data-id='27133' class='' href='https:\/\/www.soymedicina.com\/libros-de-medicina\/embriologia-clinica-11-edicion\/'>Leer m\u00e1s<\/a><\/span><\/div><\/div><\/div><\/div><\/div><div class=\"rt-col-md-12 rt-col-sm-12 rt-col-xs-12 even-grid-item rt-grid-item img_no_effect\" data-id=\"26248\"><div class=\"rt-holder\"><div class=\"rt-row\"><div class='rt-col-sm-4 rt-col-xs-12 '><div class=\"rt-img-holder\"><a data-id='26248' class='' href='https:\/\/www.soymedicina.com\/libros-de-medicina\/embriologia-humana-y-biologia-del-desarrollo-6-edicion\/'><img decoding=\"async\" width=\"1200\" height=\"1528\" src=\"https:\/\/soymedicina.b-cdn.net\/libros-de-medicina\/wp-content\/uploads\/Embriologia-Humana.jpg\" class=\"rt-img-responsive \" alt=\"Embriolog\u00eda Humana y Biolog\u00eda del Desarrollo - 6 Edicion\" \/><\/a><\/div><\/div><div class='rt-col-sm-8 rt-col-xs-12 '><div class='rt-detail'><h3 class=\"entry-title\"><a data-id=\"26248\" class=\"\" href=\"https:\/\/www.soymedicina.com\/libros-de-medicina\/embriologia-humana-y-biologia-del-desarrollo-6-edicion\/\">Embriolog\u00eda Humana y Biolog\u00eda del Desarrollo &#8211; 6 Edicion<\/a><\/h3><div class='post-meta-user '><span class='date-meta'><i class='far fa-calendar-alt '><\/i>08\/04\/2022<\/span><\/div><div class='tpg-excerpt'>Esta 3\u00aa edici\u00f3n de Embriolog\u00eda Humana y Biolog\u00eda del Desarrollo, actualizada, resulta de gran utilidad para los estudiantes que cursan esta asignatura, y tambi\u00e9n para aquellos que ya ejercen la profesi\u00f3n como texto de consulta. En este libro aparecen conceptos sobre control de la concepci\u00f3n, fertilizaci\u00f3n asistida, concepci\u00f3n extracorp\u00f3rea, aborto, etc\u00e9tera, temas de gran impacto&hellip;...<\/div><span class='read-more '><a data-id='26248' class='' href='https:\/\/www.soymedicina.com\/libros-de-medicina\/embriologia-humana-y-biologia-del-desarrollo-6-edicion\/'>Leer m\u00e1s<\/a><\/span><\/div><\/div><\/div><\/div><\/div><div class=\"rt-col-md-12 rt-col-sm-12 rt-col-xs-12 even-grid-item rt-grid-item img_no_effect\" data-id=\"26207\"><div class=\"rt-holder\"><div class=\"rt-row\"><div class='rt-col-sm-4 rt-col-xs-12 '><div class=\"rt-img-holder\"><a data-id='26207' class='' href='https:\/\/www.soymedicina.com\/libros-de-medicina\/embriologia-humana-y-biologia-del-desarrollo-2-edicion\/'><img decoding=\"async\" width=\"800\" height=\"1060\" src=\"https:\/\/soymedicina.b-cdn.net\/libros-de-medicina\/wp-content\/uploads\/Embriologia-Arteaga-2da-edicion.jpg\" class=\"rt-img-responsive \" alt=\"Embriolog\u00eda Humana y Biolog\u00eda del Desarrollo - 2 Edici\u00f3n\" \/><\/a><\/div><\/div><div class='rt-col-sm-8 rt-col-xs-12 '><div class='rt-detail'><h3 class=\"entry-title\"><a data-id=\"26207\" class=\"\" href=\"https:\/\/www.soymedicina.com\/libros-de-medicina\/embriologia-humana-y-biologia-del-desarrollo-2-edicion\/\">Embriolog\u00eda Humana y Biolog\u00eda del Desarrollo &#8211; 2 Edici\u00f3n<\/a><\/h3><div class='post-meta-user '><span class='date-meta'><i class='far fa-calendar-alt '><\/i>15\/11\/2021<\/span><\/div><div class='tpg-excerpt'>Esta 3\u00aa edici\u00f3n de Embriolog\u00eda Humana y Biolog\u00eda del Desarrollo, actualizada, resulta de gran utilidad para los estudiantes que cursan esta asignatura, y tambi\u00e9n para aquellos que ya ejercen la profesi\u00f3n como texto de consulta. En este libro aparecen conceptos sobre control de la concepci\u00f3n, fertilizaci\u00f3n asistida, concepci\u00f3n extracorp\u00f3rea, aborto, etc\u00e9tera, temas de gran impacto&hellip;...<\/div><span class='read-more '><a data-id='26207' class='' href='https:\/\/www.soymedicina.com\/libros-de-medicina\/embriologia-humana-y-biologia-del-desarrollo-2-edicion\/'>Leer m\u00e1s<\/a><\/span><\/div><\/div><\/div><\/div><\/div><\/div><\/div>[\/vc_column_text][\/vc_column][\/vc_row]\n<\/div><span class=\"et_bloom_bottom_trigger\"><\/span>","protected":false},"excerpt":{"rendered":"<p>[vc_row][vc_column][vc_column_text][\/vc_column_text][\/vc_column][\/vc_row]<\/p>\n","protected":false},"author":1,"featured_media":0,"parent":0,"menu_order":0,"comment_status":"closed","ping_status":"closed","template":"","meta":{"footnotes":""},"class_list":["post-26586","page","type-page","status-publish","hentry"],"rttpg_featured_image_url":null,"rttpg_author":{"display_name":"Administrador","author_link":"https:\/\/www.soymedicina.com\/libros-de-medicina\/author\/administrador\/"},"rttpg_comment":0,"rttpg_category":"","rttpg_excerpt":"[vc_row][vc_column][vc_column_text][\/vc_column_text][\/vc_column][\/vc_row]","_links":{"self":[{"href":"https:\/\/www.soymedicina.com\/libros-de-medicina\/wp-json\/wp\/v2\/pages\/26586","targetHints":{"allow":["GET"]}}],"collection":[{"href":"https:\/\/www.soymedicina.com\/libros-de-medicina\/wp-json\/wp\/v2\/pages"}],"about":[{"href":"https:\/\/www.soymedicina.com\/libros-de-medicina\/wp-json\/wp\/v2\/types\/page"}],"author":[{"embeddable":true,"href":"https:\/\/www.soymedicina.com\/libros-de-medicina\/wp-json\/wp\/v2\/users\/1"}],"replies":[{"embeddable":true,"href":"https:\/\/www.soymedicina.com\/libros-de-medicina\/wp-json\/wp\/v2\/comments?post=26586"}],"version-history":[{"count":1,"href":"https:\/\/www.soymedicina.com\/libros-de-medicina\/wp-json\/wp\/v2\/pages\/26586\/revisions"}],"predecessor-version":[{"id":26603,"href":"https:\/\/www.soymedicina.com\/libros-de-medicina\/wp-json\/wp\/v2\/pages\/26586\/revisions\/26603"}],"wp:attachment":[{"href":"https:\/\/www.soymedicina.com\/libros-de-medicina\/wp-json\/wp\/v2\/media?parent=26586"}],"curies":[{"name":"wp","href":"https:\/\/api.w.org\/{rel}","templated":true}]}}