{"id":26583,"date":"2022-07-12T02:46:23","date_gmt":"2022-07-12T02:46:23","guid":{"rendered":"https:\/\/www.soymedicina.com\/libros-de-medicina\/?page_id=26583"},"modified":"2022-07-12T02:46:23","modified_gmt":"2022-07-12T02:46:23","slug":"cirugia","status":"publish","type":"page","link":"https:\/\/www.soymedicina.com\/libros-de-medicina\/cirugia\/","title":{"rendered":"Cirugia"},"content":{"rendered":"<div class=\"wpb-content-wrapper\">[vc_row][vc_column][vc_column_text]<style type='text\/css' media='all'>#rt-tpg-container-511861267 .rt-holder .rt-woo-info .price{color:#0367bf;}body .rt-tpg-container .rt-tpg-isotope-buttons .selected,\n\t\t\t\t\t#rt-tpg-container-511861267 .layout12 .rt-holder:hover .rt-detail,\n\t\t\t\t\t#rt-tpg-container-511861267 .isotope8 .rt-holder:hover .rt-detail,\n\t\t\t\t\t#rt-tpg-container-511861267 .carousel8 .rt-holder:hover .rt-detail,\n\t\t\t\t\t#rt-tpg-container-511861267 .layout13 .rt-holder .overlay .post-info,\n\t\t\t\t\t#rt-tpg-container-511861267 .isotope9 .rt-holder .overlay .post-info,\n\t\t\t\t\t#rt-tpg-container-511861267.rt-tpg-container .layout4 .rt-holder .rt-detail,\n\t\t\t\t\t.rt-modal-511861267 .md-content,\n\t\t\t\t\t.rt-modal-511861267 .md-content > .rt-md-content-holder .rt-md-content,\n\t\t\t\t\t.rt-popup-wrap-511861267.rt-popup-wrap .rt-popup-navigation-wrap,\n\t\t\t\t\t#rt-tpg-container-511861267 .carousel9 .rt-holder .overlay .post-info{background-color:#0367bf;}#rt-tpg-container-511861267 .layout5 .rt-holder .overlay, #rt-tpg-container-511861267 .isotope2 .rt-holder .overlay, #rt-tpg-container-511861267 .carousel2 .rt-holder .overlay,#rt-tpg-container-511861267 .layout15 .rt-holder h3, #rt-tpg-container-511861267 .isotope11 .rt-holder h3, #rt-tpg-container-511861267 .carousel11 .rt-holder h3, #rt-tpg-container-511861267 .layout16 .rt-holder h3,\n\t\t\t\t\t#rt-tpg-container-511861267 .isotope12 .rt-holder h3, #rt-tpg-container-511861267 .carousel12 .rt-holder h3 {background-color:rgba(3,103,191,0.8);}#rt-tpg-container-511861267 .read-more a{border-radius:px;}#rt-tpg-container-511861267 .rt-img-holder img.rt-img-responsive,#rt-tpg-container-511861267 .rt-img-holder,\n\t\t\t\t\t#rt-tpg-container-511861267 .rt-post-overlay .post-img,\n\t\t\t\t\t#rt-tpg-container-511861267 .post-sm .post-img,\n\t\t\t\t\t#rt-tpg-container-511861267 .rt-post-grid .post-img,\n\t\t\t\t\t#rt-tpg-container-511861267 .post-img img {border-radius:px;}<\/style><div class='rt-container-fluid rt-tpg-container tpg-shortcode-main-wrapper  loading' id='rt-tpg-container-511861267'   data-layout='layout2' data-grid-style='even' data-desktop-col='1'  data-tab-col='1'  data-mobile-col='1' data-sc-id='26534'><div data-title='Cargando...' class='rt-row rt-content-loader   layout2 tpg-even '><div class=\"rt-col-md-12 rt-col-sm-12 rt-col-xs-12 even-grid-item rt-grid-item img_no_effect\" data-id=\"27526\"><div class=\"rt-holder\"><div class=\"rt-row\"><div class='rt-col-sm-4 rt-col-xs-12 '><div class=\"rt-img-holder\"><a data-id='27526' class='' href='https:\/\/www.soymedicina.com\/libros-de-medicina\/medicina-estetica-abordaje-terapeutico\/'><img decoding=\"async\" width=\"800\" height=\"1118\" src=\"https:\/\/soymedicina.b-cdn.net\/libros-de-medicina\/wp-content\/uploads\/Medicina-Estetica.jpg\" class=\"rt-img-responsive \" alt=\"Medicina Est\u00e9tica Abordaje Terap\u00e9utico\" \/><\/a><\/div><\/div><div class='rt-col-sm-8 rt-col-xs-12 '><div class='rt-detail'><h3 class=\"entry-title\"><a data-id=\"27526\" class=\"\" href=\"https:\/\/www.soymedicina.com\/libros-de-medicina\/medicina-estetica-abordaje-terapeutico\/\">Medicina Est\u00e9tica Abordaje Terap\u00e9utico<\/a><\/h3><div class='post-meta-user '><span class='date-meta'><i class='far fa-calendar-alt '><\/i>10\/06\/2023<\/span><\/div><div class='tpg-excerpt'>En los \u00faltimos a\u00f1os hemos asistido a un auge de la medicina est\u00e9tica como resultado del aumento de las expectativas de imagen, calidad y tiempo de vida de los pacientes. Sin embargo, esta actividad a\u00fan carece de la formalidad plena que requiere toda pr\u00e1ctica m\u00e9dica y existen escasas referencias en las cuales se puedan sustentar&hellip;...<\/div><span class='read-more '><a data-id='27526' class='' href='https:\/\/www.soymedicina.com\/libros-de-medicina\/medicina-estetica-abordaje-terapeutico\/'>Leer m\u00e1s<\/a><\/span><\/div><\/div><\/div><\/div><\/div><div class=\"rt-col-md-12 rt-col-sm-12 rt-col-xs-12 even-grid-item rt-grid-item img_no_effect\" data-id=\"27457\"><div class=\"rt-holder\"><div class=\"rt-row\"><div class='rt-col-sm-4 rt-col-xs-12 '><div class=\"rt-img-holder\"><a data-id='27457' class='' href='https:\/\/www.soymedicina.com\/libros-de-medicina\/cirugia-del-torax-sugarbaker\/'><img decoding=\"async\" width=\"800\" height=\"1031\" src=\"https:\/\/soymedicina.b-cdn.net\/libros-de-medicina\/wp-content\/uploads\/Cirugia-del-Torax.jpg\" class=\"rt-img-responsive \" alt=\"Cirug\u00eda del T\u00f3rax Sugarbaker\" \/><\/a><\/div><\/div><div class='rt-col-sm-8 rt-col-xs-12 '><div class='rt-detail'><h3 class=\"entry-title\"><a data-id=\"27457\" class=\"\" href=\"https:\/\/www.soymedicina.com\/libros-de-medicina\/cirugia-del-torax-sugarbaker\/\">Cirug\u00eda del T\u00f3rax Sugarbaker<\/a><\/h3><div class='post-meta-user '><span class='date-meta'><i class='far fa-calendar-alt '><\/i>06\/04\/2023<\/span><\/div><div class='tpg-excerpt'>Esta obra comprende, en un tomo \u00fanico, todos los conocimientos cl\u00ednicos de un grupo de cirujanos expertos e innovadores de renombre internacional en cirug\u00eda tor\u00e1cica. El lector encontrar\u00e1 todos los conceptos y procedimientos que conforman el n\u00facleo de esta especialidad, lo que hace que este libro sea singular entre los que enfocan la cirug\u00eda general.&hellip;...<\/div><span class='read-more '><a data-id='27457' class='' href='https:\/\/www.soymedicina.com\/libros-de-medicina\/cirugia-del-torax-sugarbaker\/'>Leer m\u00e1s<\/a><\/span><\/div><\/div><\/div><\/div><\/div><div class=\"rt-col-md-12 rt-col-sm-12 rt-col-xs-12 even-grid-item rt-grid-item img_no_effect\" data-id=\"27453\"><div class=\"rt-holder\"><div class=\"rt-row\"><div class='rt-col-sm-4 rt-col-xs-12 '><div class=\"rt-img-holder\"><a data-id='27453' class='' href='https:\/\/www.soymedicina.com\/libros-de-medicina\/coiffman-cirugia-plastica-reconstructiva-y-estetica-4-edicion\/'><img decoding=\"async\" width=\"1024\" height=\"1346\" src=\"https:\/\/soymedicina.b-cdn.net\/libros-de-medicina\/wp-content\/uploads\/Coiffman.jpg\" class=\"rt-img-responsive \" alt=\"Coiffman Cirug\u00eda Pl\u00e1stica, Reconstructiva y Est\u00e9tica - 4 Edicion\" \/><\/a><\/div><\/div><div class='rt-col-sm-8 rt-col-xs-12 '><div class='rt-detail'><h3 class=\"entry-title\"><a data-id=\"27453\" class=\"\" href=\"https:\/\/www.soymedicina.com\/libros-de-medicina\/coiffman-cirugia-plastica-reconstructiva-y-estetica-4-edicion\/\">Coiffman Cirug\u00eda Pl\u00e1stica, Reconstructiva y Est\u00e9tica &#8211; 4 Edicion<\/a><\/h3><div class='post-meta-user '><span class='date-meta'><i class='far fa-calendar-alt '><\/i>06\/04\/2023<\/span><\/div><div class='tpg-excerpt'>La Editorial Amolca Colombia ha publicado la 4\u00aa edici\u00f3n del tratado \u201cCoiffman. Cirug\u00eda Pl\u00e1stica, Reconstructiva y Est\u00e9tica\u201d en seis extensos vol\u00famenes. Esta obra tiene 296 coautores nacionales e internacionales, es el texto de estudio de la especialidad en Latinoam\u00e9rica e Iberoam\u00e9rica y, seg\u00fan la editorial, en la actualidad es la obra m\u00e9dica m\u00e1s extensa que&hellip;...<\/div><span class='read-more '><a data-id='27453' class='' href='https:\/\/www.soymedicina.com\/libros-de-medicina\/coiffman-cirugia-plastica-reconstructiva-y-estetica-4-edicion\/'>Leer m\u00e1s<\/a><\/span><\/div><\/div><\/div><\/div><\/div><div class=\"rt-col-md-12 rt-col-sm-12 rt-col-xs-12 even-grid-item rt-grid-item img_no_effect\" data-id=\"27380\"><div class=\"rt-holder\"><div class=\"rt-row\"><div class='rt-col-sm-4 rt-col-xs-12 '><div class=\"rt-img-holder\"><a data-id='27380' class='' href='https:\/\/www.soymedicina.com\/libros-de-medicina\/atlas-de-anatomia-y-relleno-global-de-la-cara\/'><img decoding=\"async\" width=\"696\" height=\"875\" src=\"https:\/\/soymedicina.b-cdn.net\/libros-de-medicina\/wp-content\/uploads\/Relleno-Global-de-la-Cara.jpg\" class=\"rt-img-responsive \" alt=\"Atlas de Anatom\u00eda y Relleno Global de la Cara\" \/><\/a><\/div><\/div><div class='rt-col-sm-8 rt-col-xs-12 '><div class='rt-detail'><h3 class=\"entry-title\"><a data-id=\"27380\" class=\"\" href=\"https:\/\/www.soymedicina.com\/libros-de-medicina\/atlas-de-anatomia-y-relleno-global-de-la-cara\/\">Atlas de Anatom\u00eda y Relleno Global de la Cara<\/a><\/h3><div class='post-meta-user '><span class='date-meta'><i class='far fa-calendar-alt '><\/i>22\/02\/2023<\/span><\/div><div class='tpg-excerpt'>En esta obra, los autores Andr\u00e9 Vieira Braz y Thais Harumi Sakuma, reconocidos dermat\u00f3logos brasile\u00f1os con amplia experiencia en tratamientos est\u00e9ticos en su pa\u00eds y Estados Unidos, proveen informaci\u00f3n esencial para todo practicante de la medicina est\u00e9tica. Este libro garantiza a los lectores , en 19 cap\u00edtulos y casi 500 im\u00e1genes, el conocimiento necesario para&hellip;...<\/div><span class='read-more '><a data-id='27380' class='' href='https:\/\/www.soymedicina.com\/libros-de-medicina\/atlas-de-anatomia-y-relleno-global-de-la-cara\/'>Leer m\u00e1s<\/a><\/span><\/div><\/div><\/div><\/div><\/div><div class=\"rt-col-md-12 rt-col-sm-12 rt-col-xs-12 even-grid-item rt-grid-item img_no_effect\" data-id=\"27207\"><div class=\"rt-holder\"><div class=\"rt-row\"><div class='rt-col-sm-4 rt-col-xs-12 '><div class=\"rt-img-holder\"><a data-id='27207' class='' href='https:\/\/www.soymedicina.com\/libros-de-medicina\/cirugia-de-las-vias-biliares\/'><img decoding=\"async\" width=\"1243\" height=\"1600\" src=\"https:\/\/soymedicina.b-cdn.net\/libros-de-medicina\/wp-content\/uploads\/Cirugia-de-las-Vias-Biliares.jpg\" class=\"rt-img-responsive \" alt=\"Cirug\u00eda de las V\u00edas Biliares\" \/><\/a><\/div><\/div><div class='rt-col-sm-8 rt-col-xs-12 '><div class='rt-detail'><h3 class=\"entry-title\"><a data-id=\"27207\" class=\"\" href=\"https:\/\/www.soymedicina.com\/libros-de-medicina\/cirugia-de-las-vias-biliares\/\">Cirug\u00eda de las V\u00edas Biliares<\/a><\/h3><div class='post-meta-user '><span class='date-meta'><i class='far fa-calendar-alt '><\/i>14\/02\/2023<\/span><\/div><div class='tpg-excerpt'>En gastroenterolog\u00eda, un gran n\u00famero de patolog\u00edas necesita un tratamiento quir\u00fargico, normalmente complejo y que requiere una evaluaci\u00f3n muy precisa. Las v\u00edas biliares, a pesar de representar una parte muy peque\u00f1a de todo el aparato digestivo, presentan unas patolog\u00edas lo suficientemente graves para precisar un abordaje quir\u00fargico y por tanto es necesario describir con el&hellip;...<\/div><span class='read-more '><a data-id='27207' class='' href='https:\/\/www.soymedicina.com\/libros-de-medicina\/cirugia-de-las-vias-biliares\/'>Leer m\u00e1s<\/a><\/span><\/div><\/div><\/div><\/div><\/div><\/div><div class='rt-pagination-wrap' data-total-pages='5' data-posts-per-page='5' data-type='pagination'  ><div class=\"rt-pagination\" ><ul class=\"pagination-list\"><li class=\"active\"><span>1<\/span><\/li><li><a data-paged='2' href='https:\/\/www.soymedicina.com\/libros-de-medicina\/wp-json\/wp\/v2\/pages\/26583\/page\/2\/'>2<\/a><\/li><li><a data-paged='3' href='https:\/\/www.soymedicina.com\/libros-de-medicina\/wp-json\/wp\/v2\/pages\/26583\/page\/3\/'>3<\/a><\/li><li><a data-paged='4' href='https:\/\/www.soymedicina.com\/libros-de-medicina\/wp-json\/wp\/v2\/pages\/26583\/page\/4\/'>4<\/a><\/li><li><a data-paged='5' href='https:\/\/www.soymedicina.com\/libros-de-medicina\/wp-json\/wp\/v2\/pages\/26583\/page\/5\/'>5<\/a><\/li><\/ul><\/div><\/div><\/div>[\/vc_column_text][\/vc_column][\/vc_row]\n<\/div><span class=\"et_bloom_bottom_trigger\"><\/span>","protected":false},"excerpt":{"rendered":"<p>[vc_row][vc_column][vc_column_text][\/vc_column_text][\/vc_column][\/vc_row]<\/p>\n","protected":false},"author":1,"featured_media":0,"parent":0,"menu_order":0,"comment_status":"closed","ping_status":"closed","template":"","meta":{"footnotes":""},"class_list":["post-26583","page","type-page","status-publish","hentry"],"rttpg_featured_image_url":null,"rttpg_author":{"display_name":"Administrador","author_link":"https:\/\/www.soymedicina.com\/libros-de-medicina\/author\/administrador\/"},"rttpg_comment":0,"rttpg_category":"","rttpg_excerpt":"[vc_row][vc_column][vc_column_text][\/vc_column_text][\/vc_column][\/vc_row]","_links":{"self":[{"href":"https:\/\/www.soymedicina.com\/libros-de-medicina\/wp-json\/wp\/v2\/pages\/26583","targetHints":{"allow":["GET"]}}],"collection":[{"href":"https:\/\/www.soymedicina.com\/libros-de-medicina\/wp-json\/wp\/v2\/pages"}],"about":[{"href":"https:\/\/www.soymedicina.com\/libros-de-medicina\/wp-json\/wp\/v2\/types\/page"}],"author":[{"embeddable":true,"href":"https:\/\/www.soymedicina.com\/libros-de-medicina\/wp-json\/wp\/v2\/users\/1"}],"replies":[{"embeddable":true,"href":"https:\/\/www.soymedicina.com\/libros-de-medicina\/wp-json\/wp\/v2\/comments?post=26583"}],"version-history":[{"count":1,"href":"https:\/\/www.soymedicina.com\/libros-de-medicina\/wp-json\/wp\/v2\/pages\/26583\/revisions"}],"predecessor-version":[{"id":26600,"href":"https:\/\/www.soymedicina.com\/libros-de-medicina\/wp-json\/wp\/v2\/pages\/26583\/revisions\/26600"}],"wp:attachment":[{"href":"https:\/\/www.soymedicina.com\/libros-de-medicina\/wp-json\/wp\/v2\/media?parent=26583"}],"curies":[{"name":"wp","href":"https:\/\/api.w.org\/{rel}","templated":true}]}}