{"id":26582,"date":"2022-07-12T02:46:18","date_gmt":"2022-07-12T02:46:18","guid":{"rendered":"https:\/\/www.soymedicina.com\/libros-de-medicina\/?page_id=26582"},"modified":"2022-07-12T02:46:18","modified_gmt":"2022-07-12T02:46:18","slug":"cardiologia","status":"publish","type":"page","link":"https:\/\/www.soymedicina.com\/libros-de-medicina\/cardiologia\/","title":{"rendered":"Cardiologia"},"content":{"rendered":"<div class=\"wpb-content-wrapper\">[vc_row][vc_column][vc_column_text]<style type='text\/css' media='all'>#rt-tpg-container-879405128 .rt-holder .rt-woo-info .price{color:#0367bf;}body .rt-tpg-container .rt-tpg-isotope-buttons .selected,\n\t\t\t\t\t#rt-tpg-container-879405128 .layout12 .rt-holder:hover .rt-detail,\n\t\t\t\t\t#rt-tpg-container-879405128 .isotope8 .rt-holder:hover .rt-detail,\n\t\t\t\t\t#rt-tpg-container-879405128 .carousel8 .rt-holder:hover .rt-detail,\n\t\t\t\t\t#rt-tpg-container-879405128 .layout13 .rt-holder .overlay .post-info,\n\t\t\t\t\t#rt-tpg-container-879405128 .isotope9 .rt-holder .overlay .post-info,\n\t\t\t\t\t#rt-tpg-container-879405128.rt-tpg-container .layout4 .rt-holder .rt-detail,\n\t\t\t\t\t.rt-modal-879405128 .md-content,\n\t\t\t\t\t.rt-modal-879405128 .md-content > .rt-md-content-holder .rt-md-content,\n\t\t\t\t\t.rt-popup-wrap-879405128.rt-popup-wrap .rt-popup-navigation-wrap,\n\t\t\t\t\t#rt-tpg-container-879405128 .carousel9 .rt-holder .overlay .post-info{background-color:#0367bf;}#rt-tpg-container-879405128 .layout5 .rt-holder .overlay, #rt-tpg-container-879405128 .isotope2 .rt-holder .overlay, #rt-tpg-container-879405128 .carousel2 .rt-holder .overlay,#rt-tpg-container-879405128 .layout15 .rt-holder h3, #rt-tpg-container-879405128 .isotope11 .rt-holder h3, #rt-tpg-container-879405128 .carousel11 .rt-holder h3, #rt-tpg-container-879405128 .layout16 .rt-holder h3,\n\t\t\t\t\t#rt-tpg-container-879405128 .isotope12 .rt-holder h3, #rt-tpg-container-879405128 .carousel12 .rt-holder h3 {background-color:rgba(3,103,191,0.8);}#rt-tpg-container-879405128 .read-more a{border-radius:px;}#rt-tpg-container-879405128 .rt-img-holder img.rt-img-responsive,#rt-tpg-container-879405128 .rt-img-holder,\n\t\t\t\t\t#rt-tpg-container-879405128 .rt-post-overlay .post-img,\n\t\t\t\t\t#rt-tpg-container-879405128 .post-sm .post-img,\n\t\t\t\t\t#rt-tpg-container-879405128 .rt-post-grid .post-img,\n\t\t\t\t\t#rt-tpg-container-879405128 .post-img img {border-radius:px;}<\/style><div class='rt-container-fluid rt-tpg-container tpg-shortcode-main-wrapper  loading' id='rt-tpg-container-879405128'   data-layout='layout2' data-grid-style='even' data-desktop-col='1'  data-tab-col='1'  data-mobile-col='1' data-sc-id='26533'><div data-title='Cargando...' class='rt-row rt-content-loader   layout2 tpg-even '><div class=\"rt-col-md-12 rt-col-sm-12 rt-col-xs-12 even-grid-item rt-grid-item img_no_effect\" data-id=\"27429\"><div class=\"rt-holder\"><div class=\"rt-row\"><div class='rt-col-sm-4 rt-col-xs-12 '><div class=\"rt-img-holder\"><a data-id='27429' class='' href='https:\/\/www.soymedicina.com\/libros-de-medicina\/cardio-en-esquemas\/'><img decoding=\"async\" width=\"557\" height=\"686\" src=\"https:\/\/soymedicina.b-cdn.net\/libros-de-medicina\/wp-content\/uploads\/cats-2.jpg\" class=\"rt-img-responsive \" alt=\"Cardio en Esquemas\" \/><\/a><\/div><\/div><div class='rt-col-sm-8 rt-col-xs-12 '><div class='rt-detail'><h3 class=\"entry-title\"><a data-id=\"27429\" class=\"\" href=\"https:\/\/www.soymedicina.com\/libros-de-medicina\/cardio-en-esquemas\/\">Cardio en Esquemas<\/a><\/h3><div class='post-meta-user '><span class='date-meta'><i class='far fa-calendar-alt '><\/i>27\/03\/2023<\/span><\/div><div class='tpg-excerpt'>1. \u00bfPara qui\u00e9n va dirigido este libro? Cualquier persona que quiera aprender anatom\u00eda, histolog\u00eda y embriolog\u00eda del coraz\u00f3n, de manera did\u00e1ctica, visual y sumamente detallada. 2. \u00bfCu\u00e1l es nuestra bibliograf\u00eda? - UptoDate - Anatom\u00eda de Moore - Elsevier atlas 3d - Anatom\u00eda de Grey - Atlas de Netter - Atlas de Prometheus - Histolog\u00eda de&hellip;...<\/div><span class='read-more '><a data-id='27429' class='' href='https:\/\/www.soymedicina.com\/libros-de-medicina\/cardio-en-esquemas\/'>Leer m\u00e1s<\/a><\/span><\/div><\/div><\/div><\/div><\/div><div class=\"rt-col-md-12 rt-col-sm-12 rt-col-xs-12 even-grid-item rt-grid-item img_no_effect\" data-id=\"27190\"><div class=\"rt-holder\"><div class=\"rt-row\"><div class='rt-col-sm-4 rt-col-xs-12 '><div class=\"rt-img-holder\"><a data-id='27190' class='' href='https:\/\/www.soymedicina.com\/libros-de-medicina\/kern-manual-de-cateterismo-cardiaco-7-edicion\/'><img decoding=\"async\" width=\"891\" height=\"1500\" src=\"https:\/\/soymedicina.b-cdn.net\/libros-de-medicina\/wp-content\/uploads\/Kern-Manual-de-Cateterismo-Cardiaco.jpg\" class=\"rt-img-responsive \" alt=\"Kern Manual de Cateterismo Card\u00edaco - 7 Edicion\" \/><\/a><\/div><\/div><div class='rt-col-sm-8 rt-col-xs-12 '><div class='rt-detail'><h3 class=\"entry-title\"><a data-id=\"27190\" class=\"\" href=\"https:\/\/www.soymedicina.com\/libros-de-medicina\/kern-manual-de-cateterismo-cardiaco-7-edicion\/\">Kern Manual de Cateterismo Card\u00edaco &#8211; 7 Edicion<\/a><\/h3><div class='post-meta-user '><span class='date-meta'><i class='far fa-calendar-alt '><\/i>08\/02\/2023<\/span><\/div><div class='tpg-excerpt'>Las t\u00e9cnicas del cateterismo card\u00edaco, de la angiograf\u00eda coronaria y de las intervenciones cardiovasculares percut\u00e1neas (ICP) han evolucionado de manera espectacular durante los \u00faltimos 25 a\u00f1os. El cambio del acceso vascular habitual para la angiograf\u00eda coronaria hacia el acceso \u00abradial preferente\u00bb ha constituido una revoluci\u00f3n, y ha mejorado el confort y la seguridad del paciente.&hellip;...<\/div><span class='read-more '><a data-id='27190' class='' href='https:\/\/www.soymedicina.com\/libros-de-medicina\/kern-manual-de-cateterismo-cardiaco-7-edicion\/'>Leer m\u00e1s<\/a><\/span><\/div><\/div><\/div><\/div><\/div><div class=\"rt-col-md-12 rt-col-sm-12 rt-col-xs-12 even-grid-item rt-grid-item img_no_effect\" data-id=\"27056\"><div class=\"rt-holder\"><div class=\"rt-row\"><div class='rt-col-sm-4 rt-col-xs-12 '><div class=\"rt-img-holder\"><a data-id='27056' class='' href='https:\/\/www.soymedicina.com\/libros-de-medicina\/principios-de-rehabilitacion-cardiaca\/'><img decoding=\"async\" width=\"461\" height=\"671\" src=\"https:\/\/soymedicina.b-cdn.net\/libros-de-medicina\/wp-content\/uploads\/1-2.jpg\" class=\"rt-img-responsive \" alt=\"Principios de Rehabilitaci\u00f3n Card\u00edaca\" \/><\/a><\/div><\/div><div class='rt-col-sm-8 rt-col-xs-12 '><div class='rt-detail'><h3 class=\"entry-title\"><a data-id=\"27056\" class=\"\" href=\"https:\/\/www.soymedicina.com\/libros-de-medicina\/principios-de-rehabilitacion-cardiaca\/\">Principios de Rehabilitaci\u00f3n Card\u00edaca<\/a><\/h3><div class='post-meta-user '><span class='date-meta'><i class='far fa-calendar-alt '><\/i>04\/01\/2023<\/span><\/div><div class='tpg-excerpt'>Principios de Rehabilitaci\u00f3n Card\u00edaca repasa aspectos b\u00e1sicos de anatom\u00eda, fisiolog\u00eda, y se centra en la cardiolog\u00eda y en los principios de la rehabilitaci\u00f3n. Los diferentes cap\u00edtulos han sido escritos por los profesionales que forman parte de las Unidades de Rehabilitaci\u00f3n Card\u00edaca, expertos en cada una de las disciplinas, quienes han realizado una exhaustiva revisi\u00f3n bibliogr\u00e1fica&hellip;...<\/div><span class='read-more '><a data-id='27056' class='' href='https:\/\/www.soymedicina.com\/libros-de-medicina\/principios-de-rehabilitacion-cardiaca\/'>Leer m\u00e1s<\/a><\/span><\/div><\/div><\/div><\/div><\/div><div class=\"rt-col-md-12 rt-col-sm-12 rt-col-xs-12 even-grid-item rt-grid-item img_no_effect\" data-id=\"27025\"><div class=\"rt-holder\"><div class=\"rt-row\"><div class='rt-col-sm-4 rt-col-xs-12 '><div class=\"rt-img-holder\"><a data-id='27025' class='' href='https:\/\/www.soymedicina.com\/libros-de-medicina\/arritmias-en-pediatria\/'><img decoding=\"async\" width=\"1093\" height=\"1600\" src=\"https:\/\/soymedicina.b-cdn.net\/libros-de-medicina\/wp-content\/uploads\/PED.jpg\" class=\"rt-img-responsive \" alt=\"Arritmias en Pediatr\u00eda\" \/><\/a><\/div><\/div><div class='rt-col-sm-8 rt-col-xs-12 '><div class='rt-detail'><h3 class=\"entry-title\"><a data-id=\"27025\" class=\"\" href=\"https:\/\/www.soymedicina.com\/libros-de-medicina\/arritmias-en-pediatria\/\">Arritmias en Pediatr\u00eda<\/a><\/h3><div class='post-meta-user '><span class='date-meta'><i class='far fa-calendar-alt '><\/i>01\/12\/2022<\/span><\/div><div class='tpg-excerpt'>El manejo de un paciente pedi\u00e1trico con arritmia puede ser intimidante. Los latidos cardiacos r\u00e1pidos, la afectaci\u00f3n cardiaca o el resultado potencialmente grave crea una sensaci\u00f3n de inquietud en el profesional sanitario.\u00a0Arritmias en pediatr\u00eda\u00a0fue escrito para abordar el reto que suponen estas preocupaciones y proporcionar un m\u00e9todo simple y l\u00f3gico para el manejo del paciente&hellip;...<\/div><span class='read-more '><a data-id='27025' class='' href='https:\/\/www.soymedicina.com\/libros-de-medicina\/arritmias-en-pediatria\/'>Leer m\u00e1s<\/a><\/span><\/div><\/div><\/div><\/div><\/div><div class=\"rt-col-md-12 rt-col-sm-12 rt-col-xs-12 even-grid-item rt-grid-item img_no_effect\" data-id=\"26976\"><div class=\"rt-holder\"><div class=\"rt-row\"><div class='rt-col-sm-4 rt-col-xs-12 '><div class=\"rt-img-holder\"><a data-id='26976' class='' href='https:\/\/www.soymedicina.com\/libros-de-medicina\/imagenologia-no-invasiva-cardiovascular-clinica\/'><img decoding=\"async\" width=\"850\" height=\"1133\" src=\"https:\/\/soymedicina.b-cdn.net\/libros-de-medicina\/wp-content\/uploads\/Imagenologia.png\" class=\"rt-img-responsive \" alt=\"Imagenolog\u00eda No Invasiva Cardiovascular Cl\u00ednica\" \/><\/a><\/div><\/div><div class='rt-col-sm-8 rt-col-xs-12 '><div class='rt-detail'><h3 class=\"entry-title\"><a data-id=\"26976\" class=\"\" href=\"https:\/\/www.soymedicina.com\/libros-de-medicina\/imagenologia-no-invasiva-cardiovascular-clinica\/\">Imagenolog\u00eda No Invasiva Cardiovascular Cl\u00ednica<\/a><\/h3><div class='post-meta-user '><span class='date-meta'><i class='far fa-calendar-alt '><\/i>30\/09\/2022<\/span><\/div><div class='tpg-excerpt'>Este libro fue primordialmente dise\u00f1ado con el objeto de familiarizar al cardi\u00f3logo, al m\u00e9dico internista y al intensivista con las nuevas formas de pensamiento cl\u00ednico, asoci\u00e1ndolo con el diagn\u00f3stico no invasivo de las im\u00e1genes cardiovasculares. La cardiolog\u00eda se encuentra en plena transici\u00f3n, y mediante el uso de nuevos m\u00e9todos de diagn\u00f3stico es posible ser m\u00e1s&hellip;...<\/div><span class='read-more '><a data-id='26976' class='' href='https:\/\/www.soymedicina.com\/libros-de-medicina\/imagenologia-no-invasiva-cardiovascular-clinica\/'>Leer m\u00e1s<\/a><\/span><\/div><\/div><\/div><\/div><\/div><\/div><div class='rt-pagination-wrap' data-total-pages='3' data-posts-per-page='5' data-type='pagination'  ><div class=\"rt-pagination\" ><ul class=\"pagination-list\"><li class=\"active\"><span>1<\/span><\/li><li><a data-paged='2' href='https:\/\/www.soymedicina.com\/libros-de-medicina\/wp-json\/wp\/v2\/pages\/26582\/page\/2\/'>2<\/a><\/li><li><a data-paged='3' href='https:\/\/www.soymedicina.com\/libros-de-medicina\/wp-json\/wp\/v2\/pages\/26582\/page\/3\/'>3<\/a><\/li><\/ul><\/div><\/div><\/div>[\/vc_column_text][\/vc_column][\/vc_row]\n<\/div><span class=\"et_bloom_bottom_trigger\"><\/span>","protected":false},"excerpt":{"rendered":"<p>[vc_row][vc_column][vc_column_text][\/vc_column_text][\/vc_column][\/vc_row]<\/p>\n","protected":false},"author":1,"featured_media":0,"parent":0,"menu_order":0,"comment_status":"closed","ping_status":"closed","template":"","meta":{"footnotes":""},"class_list":["post-26582","page","type-page","status-publish","hentry"],"rttpg_featured_image_url":null,"rttpg_author":{"display_name":"Administrador","author_link":"https:\/\/www.soymedicina.com\/libros-de-medicina\/author\/administrador\/"},"rttpg_comment":0,"rttpg_category":"","rttpg_excerpt":"[vc_row][vc_column][vc_column_text][\/vc_column_text][\/vc_column][\/vc_row]","_links":{"self":[{"href":"https:\/\/www.soymedicina.com\/libros-de-medicina\/wp-json\/wp\/v2\/pages\/26582","targetHints":{"allow":["GET"]}}],"collection":[{"href":"https:\/\/www.soymedicina.com\/libros-de-medicina\/wp-json\/wp\/v2\/pages"}],"about":[{"href":"https:\/\/www.soymedicina.com\/libros-de-medicina\/wp-json\/wp\/v2\/types\/page"}],"author":[{"embeddable":true,"href":"https:\/\/www.soymedicina.com\/libros-de-medicina\/wp-json\/wp\/v2\/users\/1"}],"replies":[{"embeddable":true,"href":"https:\/\/www.soymedicina.com\/libros-de-medicina\/wp-json\/wp\/v2\/comments?post=26582"}],"version-history":[{"count":1,"href":"https:\/\/www.soymedicina.com\/libros-de-medicina\/wp-json\/wp\/v2\/pages\/26582\/revisions"}],"predecessor-version":[{"id":26599,"href":"https:\/\/www.soymedicina.com\/libros-de-medicina\/wp-json\/wp\/v2\/pages\/26582\/revisions\/26599"}],"wp:attachment":[{"href":"https:\/\/www.soymedicina.com\/libros-de-medicina\/wp-json\/wp\/v2\/media?parent=26582"}],"curies":[{"name":"wp","href":"https:\/\/api.w.org\/{rel}","templated":true}]}}