{"id":26581,"date":"2022-07-12T02:46:13","date_gmt":"2022-07-12T02:46:13","guid":{"rendered":"https:\/\/www.soymedicina.com\/libros-de-medicina\/?page_id=26581"},"modified":"2022-07-12T02:46:13","modified_gmt":"2022-07-12T02:46:13","slug":"bioquimica","status":"publish","type":"page","link":"https:\/\/www.soymedicina.com\/libros-de-medicina\/bioquimica\/","title":{"rendered":"Bioquimica"},"content":{"rendered":"<div class=\"wpb-content-wrapper\">[vc_row][vc_column][vc_column_text]<style type='text\/css' media='all'>#rt-tpg-container-4048689399 .rt-holder .rt-woo-info .price{color:#0367bf;}body .rt-tpg-container .rt-tpg-isotope-buttons .selected,\n\t\t\t\t\t#rt-tpg-container-4048689399 .layout12 .rt-holder:hover .rt-detail,\n\t\t\t\t\t#rt-tpg-container-4048689399 .isotope8 .rt-holder:hover .rt-detail,\n\t\t\t\t\t#rt-tpg-container-4048689399 .carousel8 .rt-holder:hover .rt-detail,\n\t\t\t\t\t#rt-tpg-container-4048689399 .layout13 .rt-holder .overlay .post-info,\n\t\t\t\t\t#rt-tpg-container-4048689399 .isotope9 .rt-holder .overlay .post-info,\n\t\t\t\t\t#rt-tpg-container-4048689399.rt-tpg-container .layout4 .rt-holder .rt-detail,\n\t\t\t\t\t.rt-modal-4048689399 .md-content,\n\t\t\t\t\t.rt-modal-4048689399 .md-content > .rt-md-content-holder .rt-md-content,\n\t\t\t\t\t.rt-popup-wrap-4048689399.rt-popup-wrap .rt-popup-navigation-wrap,\n\t\t\t\t\t#rt-tpg-container-4048689399 .carousel9 .rt-holder .overlay .post-info{background-color:#0367bf;}#rt-tpg-container-4048689399 .layout5 .rt-holder .overlay, #rt-tpg-container-4048689399 .isotope2 .rt-holder .overlay, #rt-tpg-container-4048689399 .carousel2 .rt-holder .overlay,#rt-tpg-container-4048689399 .layout15 .rt-holder h3, #rt-tpg-container-4048689399 .isotope11 .rt-holder h3, #rt-tpg-container-4048689399 .carousel11 .rt-holder h3, #rt-tpg-container-4048689399 .layout16 .rt-holder h3,\n\t\t\t\t\t#rt-tpg-container-4048689399 .isotope12 .rt-holder h3, #rt-tpg-container-4048689399 .carousel12 .rt-holder h3 {background-color:rgba(3,103,191,0.8);}#rt-tpg-container-4048689399 .read-more a{border-radius:px;}#rt-tpg-container-4048689399 .rt-img-holder img.rt-img-responsive,#rt-tpg-container-4048689399 .rt-img-holder,\n\t\t\t\t\t#rt-tpg-container-4048689399 .rt-post-overlay .post-img,\n\t\t\t\t\t#rt-tpg-container-4048689399 .post-sm .post-img,\n\t\t\t\t\t#rt-tpg-container-4048689399 .rt-post-grid .post-img,\n\t\t\t\t\t#rt-tpg-container-4048689399 .post-img img {border-radius:px;}<\/style><div class='rt-container-fluid rt-tpg-container tpg-shortcode-main-wrapper  loading' id='rt-tpg-container-4048689399'   data-layout='layout2' data-grid-style='even' data-desktop-col='1'  data-tab-col='1'  data-mobile-col='1' data-sc-id='26532'><div data-title='Cargando...' class='rt-row rt-content-loader   layout2 tpg-even '><div class=\"rt-col-md-12 rt-col-sm-12 rt-col-xs-12 even-grid-item rt-grid-item img_no_effect\" data-id=\"27053\"><div class=\"rt-holder\"><div class=\"rt-row\"><div class='rt-col-sm-4 rt-col-xs-12 '><div class=\"rt-img-holder\"><a data-id='27053' class='' href='https:\/\/www.soymedicina.com\/libros-de-medicina\/harper-bioquimica-ilustrada-31-edicion\/'><img decoding=\"async\" width=\"1244\" height=\"1600\" src=\"https:\/\/soymedicina.b-cdn.net\/libros-de-medicina\/wp-content\/uploads\/10.jpeg\" class=\"rt-img-responsive \" alt=\"Harper Bioqu\u00edmica Ilustrada - 31 Edicion\" \/><\/a><\/div><\/div><div class='rt-col-sm-8 rt-col-xs-12 '><div class='rt-detail'><h3 class=\"entry-title\"><a data-id=\"27053\" class=\"\" href=\"https:\/\/www.soymedicina.com\/libros-de-medicina\/harper-bioquimica-ilustrada-31-edicion\/\">Harper Bioqu\u00edmica Ilustrada &#8211; 31 Edicion<\/a><\/h3><div class='post-meta-user '><span class='date-meta'><i class='far fa-calendar-alt '><\/i>03\/01\/2023<\/span><\/div><div class='tpg-excerpt'>Los autores y editores se complacen en presentar la trig\u00e9sima primera edici\u00f3n de\u00a0Bioqu\u00edmica Ilustrada de Harper. La primera edici\u00f3n, titulada Bioqu\u00edmica de Harper, se public\u00f3 en 1939, bajo la \u00fanica autor\u00eda del Dr. Harold Harper, en la Facultad de Medicina de la Universidad de California, San Francisco, California. Titulado en la actualidad\u00a0Bioqu\u00edmica Ilustrada de Harper,&hellip;...<\/div><span class='read-more '><a data-id='27053' class='' href='https:\/\/www.soymedicina.com\/libros-de-medicina\/harper-bioquimica-ilustrada-31-edicion\/'>Leer m\u00e1s<\/a><\/span><\/div><\/div><\/div><\/div><\/div><div class=\"rt-col-md-12 rt-col-sm-12 rt-col-xs-12 even-grid-item rt-grid-item img_no_effect\" data-id=\"26961\"><div class=\"rt-holder\"><div class=\"rt-row\"><div class='rt-col-sm-4 rt-col-xs-12 '><div class=\"rt-img-holder\"><a data-id='26961' class='' href='https:\/\/www.soymedicina.com\/libros-de-medicina\/bioquimica-conceptos-esenciales-feduchi\/'><img decoding=\"async\" width=\"800\" height=\"1126\" src=\"https:\/\/soymedicina.b-cdn.net\/libros-de-medicina\/wp-content\/uploads\/Feduchi.jpg\" class=\"rt-img-responsive \" alt=\"Bioqu\u00edmica Conceptos Esenciales Feduchi\" \/><\/a><\/div><\/div><div class='rt-col-sm-8 rt-col-xs-12 '><div class='rt-detail'><h3 class=\"entry-title\"><a data-id=\"26961\" class=\"\" href=\"https:\/\/www.soymedicina.com\/libros-de-medicina\/bioquimica-conceptos-esenciales-feduchi\/\">Bioqu\u00edmica Conceptos Esenciales Feduchi<\/a><\/h3><div class='post-meta-user '><span class='date-meta'><i class='far fa-calendar-alt '><\/i>27\/09\/2022<\/span><\/div><div class='tpg-excerpt'>El presente libro plasma los conceptos esenciales y necesarios para comprender este nivel molecular, la complejidad de sus estructuras, su organizaci\u00f3n y el funcionamiento de los seres vivos. Pensado para alumnos que se enfrenten por primera vez a la asignatura de Bioqu\u00edmica. Est\u00e1, por lo tanto, dirigido a alumnos de los nuevos grados considerando aquello&hellip;...<\/div><span class='read-more '><a data-id='26961' class='' href='https:\/\/www.soymedicina.com\/libros-de-medicina\/bioquimica-conceptos-esenciales-feduchi\/'>Leer m\u00e1s<\/a><\/span><\/div><\/div><\/div><\/div><\/div><div class=\"rt-col-md-12 rt-col-sm-12 rt-col-xs-12 even-grid-item rt-grid-item img_no_effect\" data-id=\"26932\"><div class=\"rt-holder\"><div class=\"rt-row\"><div class='rt-col-sm-4 rt-col-xs-12 '><div class=\"rt-img-holder\"><a data-id='26932' class='' href='https:\/\/www.soymedicina.com\/libros-de-medicina\/netter-bioquimica-esencial\/'><img decoding=\"async\" width=\"1200\" height=\"1534\" src=\"https:\/\/soymedicina.b-cdn.net\/libros-de-medicina\/wp-content\/uploads\/Bioquimica.jpg\" class=\"rt-img-responsive \" alt=\"Netter Bioqu\u00edmica Esencial\" \/><\/a><\/div><\/div><div class='rt-col-sm-8 rt-col-xs-12 '><div class='rt-detail'><h3 class=\"entry-title\"><a data-id=\"26932\" class=\"\" href=\"https:\/\/www.soymedicina.com\/libros-de-medicina\/netter-bioquimica-esencial\/\">Netter Bioqu\u00edmica Esencial<\/a><\/h3><div class='post-meta-user '><span class='date-meta'><i class='far fa-calendar-alt '><\/i>22\/09\/2022<\/span><\/div><div class='tpg-excerpt'>Su estilo claro, la atenci\u00f3n centrada en las aplicaciones cl\u00ednicas y unas ilustraciones de gran calidad convierten a esta obra en la opci\u00f3n perfecta para conocer los principios b\u00e1sicos de la bioqu\u00edmica, repasar la asignatura o complementar las clases. La experiencia del autor, complementada con los conocimientos del equipo de revisores, proporciona continuidad a lo&hellip;...<\/div><span class='read-more '><a data-id='26932' class='' href='https:\/\/www.soymedicina.com\/libros-de-medicina\/netter-bioquimica-esencial\/'>Leer m\u00e1s<\/a><\/span><\/div><\/div><\/div><\/div><\/div><div class=\"rt-col-md-12 rt-col-sm-12 rt-col-xs-12 even-grid-item rt-grid-item img_no_effect\" data-id=\"26760\"><div class=\"rt-holder\"><div class=\"rt-row\"><div class='rt-col-sm-4 rt-col-xs-12 '><div class=\"rt-img-holder\"><a data-id='26760' class='' href='https:\/\/www.soymedicina.com\/libros-de-medicina\/manual-cto-medicina-y-cirugia-12-edicion\/'><img decoding=\"async\" width=\"435\" height=\"570\" src=\"https:\/\/soymedicina.b-cdn.net\/libros-de-medicina\/wp-content\/uploads\/CTO.png\" class=\"rt-img-responsive \" alt=\"Manual CTO Medicina y Cirug\u00eda - 12 Edici\u00f3n\" \/><\/a><\/div><\/div><div class='rt-col-sm-8 rt-col-xs-12 '><div class='rt-detail'><h3 class=\"entry-title\"><a data-id=\"26760\" class=\"\" href=\"https:\/\/www.soymedicina.com\/libros-de-medicina\/manual-cto-medicina-y-cirugia-12-edicion\/\">Manual CTO Medicina y Cirug\u00eda &#8211; 12 Edici\u00f3n<\/a><\/h3><div class='post-meta-user '><span class='date-meta'><i class='far fa-calendar-alt '><\/i>20\/07\/2022<\/span><\/div><div class='tpg-excerpt'>Nueva edici\u00f3n del Manual de CTO 12\u00aa, con los contenidos de todas las especialidades m\u00e9dicas completamente actualizados y un nuevo formato de edici\u00f3n en el que se pone, una vez m\u00e1s, de manifiesto la capacidad de CTO para aunar el desarrollo de los conocimientos m\u00e9dicos con las facilidades para el estudio basados en un enfoque&hellip;...<\/div><span class='read-more '><a data-id='26760' class='' href='https:\/\/www.soymedicina.com\/libros-de-medicina\/manual-cto-medicina-y-cirugia-12-edicion\/'>Leer m\u00e1s<\/a><\/span><\/div><\/div><\/div><\/div><\/div><div class=\"rt-col-md-12 rt-col-sm-12 rt-col-xs-12 even-grid-item rt-grid-item img_no_effect\" data-id=\"25986\"><div class=\"rt-holder\"><div class=\"rt-row\"><div class='rt-col-sm-4 rt-col-xs-12 '><div class=\"rt-img-holder\"><a data-id='25986' class='' href='https:\/\/www.soymedicina.com\/libros-de-medicina\/bioquimica-medica-baynes-5-edicion\/'><img decoding=\"async\" width=\"1250\" height=\"1600\" src=\"https:\/\/soymedicina.b-cdn.net\/libros-de-medicina\/wp-content\/uploads\/Baynes.jpg\" class=\"rt-img-responsive \" alt=\"\" \/><\/a><\/div><\/div><div class='rt-col-sm-8 rt-col-xs-12 '><div class='rt-detail'><h3 class=\"entry-title\"><a data-id=\"25986\" class=\"\" href=\"https:\/\/www.soymedicina.com\/libros-de-medicina\/bioquimica-medica-baynes-5-edicion\/\">Bioqu\u00edmica M\u00e9dica Baynes &#8211; 5 Edici\u00f3n<\/a><\/h3><div class='post-meta-user '><span class='date-meta'><i class='far fa-calendar-alt '><\/i>02\/07\/2021<\/span><\/div><div class='tpg-excerpt'>Sigue siendo el texto de primera elecci\u00f3n para el estudiante de Medicina a la hora de enfrentarse con la asignatura de bioqu\u00edmica\/bioqu\u00edmica cl\u00ednica, en el que edici\u00f3n tras edici\u00f3n se enfatiza en la relevancia de los aspectos relativos a las ciencias b\u00e1sicas a la hora de aplicarlos a la posterior pr\u00e1ctica cl\u00ednica. Una de las&hellip;...<\/div><span class='read-more '><a data-id='25986' class='' href='https:\/\/www.soymedicina.com\/libros-de-medicina\/bioquimica-medica-baynes-5-edicion\/'>Leer m\u00e1s<\/a><\/span><\/div><\/div><\/div><\/div><\/div><\/div><div class='rt-pagination-wrap' data-total-pages='2' data-posts-per-page='5' data-type='pagination'  ><div class=\"rt-pagination\" ><ul class=\"pagination-list\"><li class=\"active\"><span>1<\/span><\/li><li><a data-paged='2' href='https:\/\/www.soymedicina.com\/libros-de-medicina\/wp-json\/wp\/v2\/pages\/26581\/page\/2\/'>2<\/a><\/li><\/ul><\/div><\/div><\/div>[\/vc_column_text][\/vc_column][\/vc_row]\n<\/div><span class=\"et_bloom_bottom_trigger\"><\/span>","protected":false},"excerpt":{"rendered":"<p>[vc_row][vc_column][vc_column_text][\/vc_column_text][\/vc_column][\/vc_row]<\/p>\n","protected":false},"author":1,"featured_media":0,"parent":0,"menu_order":0,"comment_status":"closed","ping_status":"closed","template":"","meta":{"footnotes":""},"class_list":["post-26581","page","type-page","status-publish","hentry"],"rttpg_featured_image_url":null,"rttpg_author":{"display_name":"Administrador","author_link":"https:\/\/www.soymedicina.com\/libros-de-medicina\/author\/administrador\/"},"rttpg_comment":0,"rttpg_category":"","rttpg_excerpt":"[vc_row][vc_column][vc_column_text][\/vc_column_text][\/vc_column][\/vc_row]","_links":{"self":[{"href":"https:\/\/www.soymedicina.com\/libros-de-medicina\/wp-json\/wp\/v2\/pages\/26581","targetHints":{"allow":["GET"]}}],"collection":[{"href":"https:\/\/www.soymedicina.com\/libros-de-medicina\/wp-json\/wp\/v2\/pages"}],"about":[{"href":"https:\/\/www.soymedicina.com\/libros-de-medicina\/wp-json\/wp\/v2\/types\/page"}],"author":[{"embeddable":true,"href":"https:\/\/www.soymedicina.com\/libros-de-medicina\/wp-json\/wp\/v2\/users\/1"}],"replies":[{"embeddable":true,"href":"https:\/\/www.soymedicina.com\/libros-de-medicina\/wp-json\/wp\/v2\/comments?post=26581"}],"version-history":[{"count":1,"href":"https:\/\/www.soymedicina.com\/libros-de-medicina\/wp-json\/wp\/v2\/pages\/26581\/revisions"}],"predecessor-version":[{"id":26598,"href":"https:\/\/www.soymedicina.com\/libros-de-medicina\/wp-json\/wp\/v2\/pages\/26581\/revisions\/26598"}],"wp:attachment":[{"href":"https:\/\/www.soymedicina.com\/libros-de-medicina\/wp-json\/wp\/v2\/media?parent=26581"}],"curies":[{"name":"wp","href":"https:\/\/api.w.org\/{rel}","templated":true}]}}