{"id":26580,"date":"2022-07-12T02:46:08","date_gmt":"2022-07-12T02:46:08","guid":{"rendered":"https:\/\/www.soymedicina.com\/libros-de-medicina\/?page_id=26580"},"modified":"2022-07-12T02:46:08","modified_gmt":"2022-07-12T02:46:08","slug":"biologia","status":"publish","type":"page","link":"https:\/\/www.soymedicina.com\/libros-de-medicina\/biologia\/","title":{"rendered":"Biologia"},"content":{"rendered":"<div class=\"wpb-content-wrapper\">[vc_row][vc_column][vc_column_text]<style type='text\/css' media='all'>#rt-tpg-container-76139280 .rt-holder .rt-woo-info .price{color:#0367bf;}body .rt-tpg-container .rt-tpg-isotope-buttons .selected,\n\t\t\t\t\t#rt-tpg-container-76139280 .layout12 .rt-holder:hover .rt-detail,\n\t\t\t\t\t#rt-tpg-container-76139280 .isotope8 .rt-holder:hover .rt-detail,\n\t\t\t\t\t#rt-tpg-container-76139280 .carousel8 .rt-holder:hover .rt-detail,\n\t\t\t\t\t#rt-tpg-container-76139280 .layout13 .rt-holder .overlay .post-info,\n\t\t\t\t\t#rt-tpg-container-76139280 .isotope9 .rt-holder .overlay .post-info,\n\t\t\t\t\t#rt-tpg-container-76139280.rt-tpg-container .layout4 .rt-holder .rt-detail,\n\t\t\t\t\t.rt-modal-76139280 .md-content,\n\t\t\t\t\t.rt-modal-76139280 .md-content > .rt-md-content-holder .rt-md-content,\n\t\t\t\t\t.rt-popup-wrap-76139280.rt-popup-wrap .rt-popup-navigation-wrap,\n\t\t\t\t\t#rt-tpg-container-76139280 .carousel9 .rt-holder .overlay .post-info{background-color:#0367bf;}#rt-tpg-container-76139280 .layout5 .rt-holder .overlay, #rt-tpg-container-76139280 .isotope2 .rt-holder .overlay, #rt-tpg-container-76139280 .carousel2 .rt-holder .overlay,#rt-tpg-container-76139280 .layout15 .rt-holder h3, #rt-tpg-container-76139280 .isotope11 .rt-holder h3, #rt-tpg-container-76139280 .carousel11 .rt-holder h3, #rt-tpg-container-76139280 .layout16 .rt-holder h3,\n\t\t\t\t\t#rt-tpg-container-76139280 .isotope12 .rt-holder h3, #rt-tpg-container-76139280 .carousel12 .rt-holder h3 {background-color:rgba(3,103,191,0.8);}#rt-tpg-container-76139280 .read-more a{border-radius:px;}#rt-tpg-container-76139280 .rt-img-holder img.rt-img-responsive,#rt-tpg-container-76139280 .rt-img-holder,\n\t\t\t\t\t#rt-tpg-container-76139280 .rt-post-overlay .post-img,\n\t\t\t\t\t#rt-tpg-container-76139280 .post-sm .post-img,\n\t\t\t\t\t#rt-tpg-container-76139280 .rt-post-grid .post-img,\n\t\t\t\t\t#rt-tpg-container-76139280 .post-img img {border-radius:px;}<\/style><div class='rt-container-fluid rt-tpg-container tpg-shortcode-main-wrapper  loading' id='rt-tpg-container-76139280'   data-layout='layout2' data-grid-style='even' data-desktop-col='1'  data-tab-col='1'  data-mobile-col='1' data-sc-id='26531'><div data-title='Cargando...' class='rt-row rt-content-loader   layout2 tpg-even '><div class=\"rt-col-md-12 rt-col-sm-12 rt-col-xs-12 even-grid-item rt-grid-item img_no_effect\" data-id=\"26227\"><div class=\"rt-holder\"><div class=\"rt-row\"><div class='rt-col-sm-4 rt-col-xs-12 '><div class=\"rt-img-holder\"><a data-id='26227' class='' href='https:\/\/www.soymedicina.com\/libros-de-medicina\/biologia-molecular-del-gen-7-edicion\/'><img decoding=\"async\" width=\"800\" height=\"1064\" src=\"https:\/\/soymedicina.b-cdn.net\/libros-de-medicina\/wp-content\/uploads\/Biologia-Molecular-del-Gen-7-Edicion.jpg\" class=\"rt-img-responsive \" alt=\"Biolog\u00eda Molecular del Gen - 7 Edici\u00f3n\" \/><\/a><\/div><\/div><div class='rt-col-sm-8 rt-col-xs-12 '><div class='rt-detail'><h3 class=\"entry-title\"><a data-id=\"26227\" class=\"\" href=\"https:\/\/www.soymedicina.com\/libros-de-medicina\/biologia-molecular-del-gen-7-edicion\/\">Biolog\u00eda Molecular del Gen &#8211; 7 Edici\u00f3n<\/a><\/h3><div class='post-meta-user '><span class='date-meta'><i class='far fa-calendar-alt '><\/i>14\/03\/2022<\/span><\/div><div class='tpg-excerpt'>La s\u00e9ptima edici\u00f3n de Biolog\u00eda molecular del gen, que cumple cincuenta a\u00f1os en el mercado y que aparece una d\u00e9cada despu\u00e9s de haberse completado el proyecto genoma humano, celebra el marco intelectual central de la biolog\u00eda molecular y los extraordinarios conocimientos mecanicistas, biol\u00f3gicos y evolutivos que se lograron en todo este tiempo. Esta nueva edici\u00f3n&hellip;...<\/div><span class='read-more '><a data-id='26227' class='' href='https:\/\/www.soymedicina.com\/libros-de-medicina\/biologia-molecular-del-gen-7-edicion\/'>Leer m\u00e1s<\/a><\/span><\/div><\/div><\/div><\/div><\/div><div class=\"rt-col-md-12 rt-col-sm-12 rt-col-xs-12 even-grid-item rt-grid-item img_no_effect\" data-id=\"26182\"><div class=\"rt-holder\"><div class=\"rt-row\"><div class='rt-col-sm-4 rt-col-xs-12 '><div class=\"rt-img-holder\"><a data-id='26182' class='' href='https:\/\/www.soymedicina.com\/libros-de-medicina\/cooper-la-celula-7-edicion\/'><img decoding=\"async\" width=\"1024\" height=\"1394\" src=\"https:\/\/soymedicina.b-cdn.net\/libros-de-medicina\/wp-content\/uploads\/Cooper-La-Celula-7-Edicion.jpg\" class=\"rt-img-responsive \" alt=\"Cooper La C\u00e9lula - 7 Edici\u00f3n\" \/><\/a><\/div><\/div><div class='rt-col-sm-8 rt-col-xs-12 '><div class='rt-detail'><h3 class=\"entry-title\"><a data-id=\"26182\" class=\"\" href=\"https:\/\/www.soymedicina.com\/libros-de-medicina\/cooper-la-celula-7-edicion\/\">Cooper La C\u00e9lula &#8211; 7 Edici\u00f3n<\/a><\/h3><div class='post-meta-user '><span class='date-meta'><i class='far fa-calendar-alt '><\/i>28\/10\/2021<\/span><\/div><div class='tpg-excerpt'>La C\u00e9lula\u00a0es un texto accesible y sencillo que, adem\u00e1s de permitir a los alumnos dominar la materia, puede ser tratado en un \u00fanico semestre. La organizaci\u00f3n y caracter\u00edsticas del libro ayudar\u00e1n a los estudiantes a acercarse y entender su contenido. Organizaci\u00f3n\u00a0 La C\u00e9lula\u00a0se divide en cuatro partes, cada una de las cuales es independiente, por&hellip;...<\/div><span class='read-more '><a data-id='26182' class='' href='https:\/\/www.soymedicina.com\/libros-de-medicina\/cooper-la-celula-7-edicion\/'>Leer m\u00e1s<\/a><\/span><\/div><\/div><\/div><\/div><\/div><div class=\"rt-col-md-12 rt-col-sm-12 rt-col-xs-12 even-grid-item rt-grid-item img_no_effect\" data-id=\"26179\"><div class=\"rt-holder\"><div class=\"rt-row\"><div class='rt-col-sm-4 rt-col-xs-12 '><div class=\"rt-img-holder\"><a data-id='26179' class='' href='https:\/\/www.soymedicina.com\/libros-de-medicina\/biologia-celular-y-molecular-lodish-berk-kaiser-7-edicion\/'><img decoding=\"async\" width=\"1257\" height=\"1600\" src=\"https:\/\/soymedicina.b-cdn.net\/libros-de-medicina\/wp-content\/uploads\/Biologia-celular-y-molecular-Lodish-7ma-Ed.jpg\" class=\"rt-img-responsive \" alt=\"Biolog\u00eda Celular y Molecular - Lodish, Berk, Kaiser - 7 Edici\u00f3n\" \/><\/a><\/div><\/div><div class='rt-col-sm-8 rt-col-xs-12 '><div class='rt-detail'><h3 class=\"entry-title\"><a data-id=\"26179\" class=\"\" href=\"https:\/\/www.soymedicina.com\/libros-de-medicina\/biologia-celular-y-molecular-lodish-berk-kaiser-7-edicion\/\">Biolog\u00eda Celular y Molecular &#8211; Lodish, Berk, Kaiser &#8211; 7 Edici\u00f3n<\/a><\/h3><div class='post-meta-user '><span class='date-meta'><i class='far fa-calendar-alt '><\/i>28\/10\/2021<\/span><\/div><div class='tpg-excerpt'>En esta s\u00e9ptima edici\u00f3n, temas eternamente confusos como la energ\u00e9tica celular, la se\u00f1alizaci\u00f3n celular y la inmunolog\u00eda se han optimizado y revisado en favor de la comprensi\u00f3n del estudiante. Se reconsider\u00f3 cada figura y, de ser posible, se simplific\u00f3 para resaltar los puntos clave. Los materiales de final de cap\u00edtulo fueron exhaustivamente revisados e incluyen&hellip;...<\/div><span class='read-more '><a data-id='26179' class='' href='https:\/\/www.soymedicina.com\/libros-de-medicina\/biologia-celular-y-molecular-lodish-berk-kaiser-7-edicion\/'>Leer m\u00e1s<\/a><\/span><\/div><\/div><\/div><\/div><\/div><div class=\"rt-col-md-12 rt-col-sm-12 rt-col-xs-12 even-grid-item rt-grid-item img_no_effect\" data-id=\"25905\"><div class=\"rt-holder\"><div class=\"rt-row\"><div class='rt-col-sm-4 rt-col-xs-12 '><div class=\"rt-img-holder\"><a data-id='25905' class='' href='https:\/\/www.soymedicina.com\/libros-de-medicina\/karp-biologia-celular-y-molecular-8-edicion\/'><img decoding=\"async\" width=\"1246\" height=\"1600\" src=\"https:\/\/soymedicina.b-cdn.net\/libros-de-medicina\/wp-content\/uploads\/Karp.jpg\" class=\"rt-img-responsive \" alt=\"Karp. Biolog\u00eda Celular y Molecular - 8\u00aa Edici\u00f3n\" \/><\/a><\/div><\/div><div class='rt-col-sm-8 rt-col-xs-12 '><div class='rt-detail'><h3 class=\"entry-title\"><a data-id=\"25905\" class=\"\" href=\"https:\/\/www.soymedicina.com\/libros-de-medicina\/karp-biologia-celular-y-molecular-8-edicion\/\">Karp. Biolog\u00eda Celular y Molecular &#8211; 8 Edici\u00f3n<\/a><\/h3><div class='post-meta-user '><span class='date-meta'><i class='far fa-calendar-alt '><\/i>05\/11\/2020<\/span><\/div><div class='tpg-excerpt'>Durante las \u00faltimas dos d\u00e9cadas, el Dr. Gerald Karp ha escrito\u00a0Biolog\u00eda celular y molecular: conceptos y experimentos. Durante este tiempo ha mantenido un enfoque consistente al combinar el rigor con la accesibilidad, de modo que incluso los estudiantes sin formaci\u00f3n previa en biolog\u00eda celular, biolog\u00eda molecular o bioqu\u00edmica han podido aprender biolog\u00eda celular, no solo&hellip;...<\/div><span class='read-more '><a data-id='25905' class='' href='https:\/\/www.soymedicina.com\/libros-de-medicina\/karp-biologia-celular-y-molecular-8-edicion\/'>Leer m\u00e1s<\/a><\/span><\/div><\/div><\/div><\/div><\/div><\/div><\/div>[\/vc_column_text][\/vc_column][\/vc_row]\n<\/div><span class=\"et_bloom_bottom_trigger\"><\/span>","protected":false},"excerpt":{"rendered":"<p>[vc_row][vc_column][vc_column_text][\/vc_column_text][\/vc_column][\/vc_row]<\/p>\n","protected":false},"author":1,"featured_media":0,"parent":0,"menu_order":0,"comment_status":"closed","ping_status":"closed","template":"","meta":{"footnotes":""},"class_list":["post-26580","page","type-page","status-publish","hentry"],"rttpg_featured_image_url":null,"rttpg_author":{"display_name":"Administrador","author_link":"https:\/\/www.soymedicina.com\/libros-de-medicina\/author\/administrador\/"},"rttpg_comment":0,"rttpg_category":"","rttpg_excerpt":"[vc_row][vc_column][vc_column_text][\/vc_column_text][\/vc_column][\/vc_row]","_links":{"self":[{"href":"https:\/\/www.soymedicina.com\/libros-de-medicina\/wp-json\/wp\/v2\/pages\/26580","targetHints":{"allow":["GET"]}}],"collection":[{"href":"https:\/\/www.soymedicina.com\/libros-de-medicina\/wp-json\/wp\/v2\/pages"}],"about":[{"href":"https:\/\/www.soymedicina.com\/libros-de-medicina\/wp-json\/wp\/v2\/types\/page"}],"author":[{"embeddable":true,"href":"https:\/\/www.soymedicina.com\/libros-de-medicina\/wp-json\/wp\/v2\/users\/1"}],"replies":[{"embeddable":true,"href":"https:\/\/www.soymedicina.com\/libros-de-medicina\/wp-json\/wp\/v2\/comments?post=26580"}],"version-history":[{"count":1,"href":"https:\/\/www.soymedicina.com\/libros-de-medicina\/wp-json\/wp\/v2\/pages\/26580\/revisions"}],"predecessor-version":[{"id":26597,"href":"https:\/\/www.soymedicina.com\/libros-de-medicina\/wp-json\/wp\/v2\/pages\/26580\/revisions\/26597"}],"wp:attachment":[{"href":"https:\/\/www.soymedicina.com\/libros-de-medicina\/wp-json\/wp\/v2\/media?parent=26580"}],"curies":[{"name":"wp","href":"https:\/\/api.w.org\/{rel}","templated":true}]}}