{"id":26579,"date":"2022-07-12T02:46:02","date_gmt":"2022-07-12T02:46:02","guid":{"rendered":"https:\/\/www.soymedicina.com\/libros-de-medicina\/?page_id=26579"},"modified":"2022-07-12T02:46:02","modified_gmt":"2022-07-12T02:46:02","slug":"anatomia","status":"publish","type":"page","link":"https:\/\/www.soymedicina.com\/libros-de-medicina\/anatomia\/","title":{"rendered":"Anatomia"},"content":{"rendered":"<div class=\"wpb-content-wrapper\">[vc_row][vc_column][vc_column_text]<style type='text\/css' media='all'>#rt-tpg-container-1817890184 .rt-holder .rt-woo-info .price{color:#0367bf;}body .rt-tpg-container .rt-tpg-isotope-buttons .selected,\n\t\t\t\t\t#rt-tpg-container-1817890184 .layout12 .rt-holder:hover .rt-detail,\n\t\t\t\t\t#rt-tpg-container-1817890184 .isotope8 .rt-holder:hover .rt-detail,\n\t\t\t\t\t#rt-tpg-container-1817890184 .carousel8 .rt-holder:hover .rt-detail,\n\t\t\t\t\t#rt-tpg-container-1817890184 .layout13 .rt-holder .overlay .post-info,\n\t\t\t\t\t#rt-tpg-container-1817890184 .isotope9 .rt-holder .overlay .post-info,\n\t\t\t\t\t#rt-tpg-container-1817890184.rt-tpg-container .layout4 .rt-holder .rt-detail,\n\t\t\t\t\t.rt-modal-1817890184 .md-content,\n\t\t\t\t\t.rt-modal-1817890184 .md-content > .rt-md-content-holder .rt-md-content,\n\t\t\t\t\t.rt-popup-wrap-1817890184.rt-popup-wrap .rt-popup-navigation-wrap,\n\t\t\t\t\t#rt-tpg-container-1817890184 .carousel9 .rt-holder .overlay .post-info{background-color:#0367bf;}#rt-tpg-container-1817890184 .layout5 .rt-holder .overlay, #rt-tpg-container-1817890184 .isotope2 .rt-holder .overlay, #rt-tpg-container-1817890184 .carousel2 .rt-holder .overlay,#rt-tpg-container-1817890184 .layout15 .rt-holder h3, #rt-tpg-container-1817890184 .isotope11 .rt-holder h3, #rt-tpg-container-1817890184 .carousel11 .rt-holder h3, #rt-tpg-container-1817890184 .layout16 .rt-holder h3,\n\t\t\t\t\t#rt-tpg-container-1817890184 .isotope12 .rt-holder h3, #rt-tpg-container-1817890184 .carousel12 .rt-holder h3 {background-color:rgba(3,103,191,0.8);}#rt-tpg-container-1817890184 .read-more a{border-radius:px;}#rt-tpg-container-1817890184 .rt-img-holder img.rt-img-responsive,#rt-tpg-container-1817890184 .rt-img-holder,\n\t\t\t\t\t#rt-tpg-container-1817890184 .rt-post-overlay .post-img,\n\t\t\t\t\t#rt-tpg-container-1817890184 .post-sm .post-img,\n\t\t\t\t\t#rt-tpg-container-1817890184 .rt-post-grid .post-img,\n\t\t\t\t\t#rt-tpg-container-1817890184 .post-img img {border-radius:px;}<\/style><div class='rt-container-fluid rt-tpg-container tpg-shortcode-main-wrapper  loading' id='rt-tpg-container-1817890184'   data-layout='layout2' data-grid-style='even' data-desktop-col='1'  data-tab-col='1'  data-mobile-col='1' data-sc-id='26530'><div data-title='Cargando...' class='rt-row rt-content-loader   layout2 tpg-even '><div class=\"rt-col-md-12 rt-col-sm-12 rt-col-xs-12 even-grid-item rt-grid-item img_no_effect\" data-id=\"28207\"><div class=\"rt-holder\"><div class=\"rt-row\"><div class='rt-col-sm-4 rt-col-xs-12 '><div class=\"rt-img-holder\"><a data-id='28207' class='' href='https:\/\/www.soymedicina.com\/libros-de-medicina\/anatomia-de-bouchet\/'><img decoding=\"async\" width=\"784\" height=\"1091\" src=\"https:\/\/soymedicina.b-cdn.net\/libros-de-medicina\/wp-content\/uploads\/Bouchet.png\" class=\"rt-img-responsive \" alt=\"Anatomia de Bouchet\" \/><\/a><\/div><\/div><div class='rt-col-sm-8 rt-col-xs-12 '><div class='rt-detail'><h3 class=\"entry-title\"><a data-id=\"28207\" class=\"\" href=\"https:\/\/www.soymedicina.com\/libros-de-medicina\/anatomia-de-bouchet\/\">Anatomia de Bouchet<\/a><\/h3><div class='post-meta-user '><span class='date-meta'><i class='far fa-calendar-alt '><\/i>19\/05\/2025<\/span><\/div><div class='tpg-excerpt'>Se trata de una colecci\u00f3n en cinco tomos de anatom\u00eda topogr\u00e1fica (anatopograf\u00eda), elaborada por Henri Bouchet y Jean Paturet, publicada originalmente en Francia, pero muy utilizada en Am\u00e9rica Latina. Son atlantes basados en disecciones reales a cad\u00e1veres frescos, con fotograf\u00edas a color y esquemas aclaratorios. A diferencia de otros atlas modernos como Netter (que son&hellip;...<\/div><span class='read-more '><a data-id='28207' class='' href='https:\/\/www.soymedicina.com\/libros-de-medicina\/anatomia-de-bouchet\/'>Leer m\u00e1s<\/a><\/span><\/div><\/div><\/div><\/div><\/div><div class=\"rt-col-md-12 rt-col-sm-12 rt-col-xs-12 even-grid-item rt-grid-item img_no_effect\" data-id=\"28200\"><div class=\"rt-holder\"><div class=\"rt-row\"><div class='rt-col-sm-4 rt-col-xs-12 '><div class=\"rt-img-holder\"><a data-id='28200' class='' href='https:\/\/www.soymedicina.com\/libros-de-medicina\/manual-cto-medicina-y-cirugia-14-edicion\/'><img decoding=\"async\" width=\"756\" height=\"982\" src=\"https:\/\/soymedicina.b-cdn.net\/libros-de-medicina\/wp-content\/uploads\/CTO-14.png\" class=\"rt-img-responsive \" alt=\"\" \/><\/a><\/div><\/div><div class='rt-col-sm-8 rt-col-xs-12 '><div class='rt-detail'><h3 class=\"entry-title\"><a data-id=\"28200\" class=\"\" href=\"https:\/\/www.soymedicina.com\/libros-de-medicina\/manual-cto-medicina-y-cirugia-14-edicion\/\">Manual CTO Medicina y Cirugia 14 Edicion<\/a><\/h3><div class='post-meta-user '><span class='date-meta'><i class='far fa-calendar-alt '><\/i>19\/05\/2025<\/span><\/div><div class='tpg-excerpt'>\u00bfQu\u00e9 son los Manuales CTO Edici\u00f3n 14 y por qu\u00e9 deber\u00edas tenerlos? Los Manuales CTO Edici\u00f3n 14 son una de las herramientas de estudio m\u00e1s completas y reconocidas en el \u00e1mbito de la medicina en espa\u00f1ol, especialmente dise\u00f1adas para la preparaci\u00f3n del examen MIR (M\u00e9dico Interno Residente) en Espa\u00f1a. Publicados por la academia CTO, una&hellip;...<\/div><span class='read-more '><a data-id='28200' class='' href='https:\/\/www.soymedicina.com\/libros-de-medicina\/manual-cto-medicina-y-cirugia-14-edicion\/'>Leer m\u00e1s<\/a><\/span><\/div><\/div><\/div><\/div><\/div><div class=\"rt-col-md-12 rt-col-sm-12 rt-col-xs-12 even-grid-item rt-grid-item img_no_effect\" data-id=\"27981\"><div class=\"rt-holder\"><div class=\"rt-row\"><div class='rt-col-sm-4 rt-col-xs-12 '><div class=\"rt-img-holder\"><a data-id='27981' class='' href='https:\/\/www.soymedicina.com\/libros-de-medicina\/farreras-rozman-medicina-interna-20-edicion\/'><img decoding=\"async\" width=\"904\" height=\"1200\" src=\"https:\/\/soymedicina.b-cdn.net\/libros-de-medicina\/wp-content\/uploads\/Rozman.jpg\" class=\"rt-img-responsive \" alt=\"Farreras Rozman Medicina Interna - 20 Edicion\" \/><\/a><\/div><\/div><div class='rt-col-sm-8 rt-col-xs-12 '><div class='rt-detail'><h3 class=\"entry-title\"><a data-id=\"27981\" class=\"\" href=\"https:\/\/www.soymedicina.com\/libros-de-medicina\/farreras-rozman-medicina-interna-20-edicion\/\">Farreras Rozman Medicina Interna &#8211; 20 Edicion<\/a><\/h3><div class='post-meta-user '><span class='date-meta'><i class='far fa-calendar-alt '><\/i>02\/01\/2025<\/span><\/div><div class='tpg-excerpt'>Es justo destacar que esta XX edici\u00f3n marca un hito en la ya prolongada historia de una obra tan emblem\u00e1tica como\u00a0Farreras-Rozman. Medicina Interna. La I edici\u00f3n (1929) se public\u00f3 fruto de la traducci\u00f3n al castellano por parte de Pere Farreras Sampera \u2014m\u00e9dico y veterinario, y padre de Pere Farreras Valent\u00ed\u2014 de la III edici\u00f3n del\u00a0Grundriss&hellip;...<\/div><span class='read-more '><a data-id='27981' class='' href='https:\/\/www.soymedicina.com\/libros-de-medicina\/farreras-rozman-medicina-interna-20-edicion\/'>Leer m\u00e1s<\/a><\/span><\/div><\/div><\/div><\/div><\/div><div class=\"rt-col-md-12 rt-col-sm-12 rt-col-xs-12 even-grid-item rt-grid-item img_no_effect\" data-id=\"27386\"><div class=\"rt-holder\"><div class=\"rt-row\"><div class='rt-col-sm-4 rt-col-xs-12 '><div class=\"rt-img-holder\"><a data-id='27386' class='' href='https:\/\/www.soymedicina.com\/libros-de-medicina\/feneis-nomenclatura-anatomica-ilustrada-11-edicion\/'><img decoding=\"async\" width=\"600\" height=\"900\" src=\"https:\/\/soymedicina.b-cdn.net\/libros-de-medicina\/wp-content\/uploads\/Feneis.jpg\" class=\"rt-img-responsive \" alt=\"Feneis Nomenclatura Anat\u00f3mica Ilustrada - 11 Edicion\" \/><\/a><\/div><\/div><div class='rt-col-sm-8 rt-col-xs-12 '><div class='rt-detail'><h3 class=\"entry-title\"><a data-id=\"27386\" class=\"\" href=\"https:\/\/www.soymedicina.com\/libros-de-medicina\/feneis-nomenclatura-anatomica-ilustrada-11-edicion\/\">Feneis Nomenclatura Anat\u00f3mica Ilustrada &#8211; 11 Edicion<\/a><\/h3><div class='post-meta-user '><span class='date-meta'><i class='far fa-calendar-alt '><\/i>22\/02\/2023<\/span><\/div><div class='tpg-excerpt'>Nueva edici\u00f3n del libro de bolsillo, considerado un verdadero cl\u00e1sico en anatom\u00eda. Durante m\u00e1s de 50 a\u00f1os, Feneis (ahora Dauber) se ha consolidado como un est\u00e1ndar de referencia: todos los t\u00e9rminos anat\u00f3micos\u00a0 se explican mediante textos e ilustraciones de forma breve, concisa y precisa. La obra se basa en la completa y nueva Terminolog\u00eda Anat\u00f3mica&hellip;...<\/div><span class='read-more '><a data-id='27386' class='' href='https:\/\/www.soymedicina.com\/libros-de-medicina\/feneis-nomenclatura-anatomica-ilustrada-11-edicion\/'>Leer m\u00e1s<\/a><\/span><\/div><\/div><\/div><\/div><\/div><div class=\"rt-col-md-12 rt-col-sm-12 rt-col-xs-12 even-grid-item rt-grid-item img_no_effect\" data-id=\"27113\"><div class=\"rt-holder\"><div class=\"rt-row\"><div class='rt-col-sm-4 rt-col-xs-12 '><div class=\"rt-img-holder\"><a data-id='27113' class='' href='https:\/\/www.soymedicina.com\/libros-de-medicina\/las-fascias-el-papel-de-los-tejidos-en-la-mecanica-humana\/'><img decoding=\"async\" width=\"600\" height=\"786\" src=\"https:\/\/soymedicina.b-cdn.net\/libros-de-medicina\/wp-content\/uploads\/Fascias.jpg\" class=\"rt-img-responsive \" alt=\"Las Fascias el Papel de los Tejidos en la Mec\u00e1nica Humana\" \/><\/a><\/div><\/div><div class='rt-col-sm-8 rt-col-xs-12 '><div class='rt-detail'><h3 class=\"entry-title\"><a data-id=\"27113\" class=\"\" href=\"https:\/\/www.soymedicina.com\/libros-de-medicina\/las-fascias-el-papel-de-los-tejidos-en-la-mecanica-humana\/\">Las Fascias el Papel de los Tejidos en la Mec\u00e1nica Humana<\/a><\/h3><div class='post-meta-user '><span class='date-meta'><i class='far fa-calendar-alt '><\/i>02\/02\/2023<\/span><\/div><div class='tpg-excerpt'>Las fascias funcionan como un todo, constituyen una serie tisular continua que va desde la cabeza a los pies y del exterior al interior, desempa\u00f1ando un papel fundamental en la fisiolog\u00eda humana. Durante el desarrollo embrionario, el mesodermo sufre un enrollamiento en todos los sentidos. \u00c9ste provoca un micromovimiento, la motilidad, que no cesa hasta&hellip;...<\/div><span class='read-more '><a data-id='27113' class='' href='https:\/\/www.soymedicina.com\/libros-de-medicina\/las-fascias-el-papel-de-los-tejidos-en-la-mecanica-humana\/'>Leer m\u00e1s<\/a><\/span><\/div><\/div><\/div><\/div><\/div><\/div><div class='rt-pagination-wrap' data-total-pages='4' data-posts-per-page='5' data-type='pagination'  ><div class=\"rt-pagination\" ><ul class=\"pagination-list\"><li class=\"active\"><span>1<\/span><\/li><li><a data-paged='2' href='https:\/\/www.soymedicina.com\/libros-de-medicina\/wp-json\/wp\/v2\/pages\/26579\/page\/2\/'>2<\/a><\/li><li><a data-paged='3' href='https:\/\/www.soymedicina.com\/libros-de-medicina\/wp-json\/wp\/v2\/pages\/26579\/page\/3\/'>3<\/a><\/li><li><a data-paged='4' href='https:\/\/www.soymedicina.com\/libros-de-medicina\/wp-json\/wp\/v2\/pages\/26579\/page\/4\/'>4<\/a><\/li><\/ul><\/div><\/div><\/div>[\/vc_column_text][\/vc_column][\/vc_row]\n<\/div><span class=\"et_bloom_bottom_trigger\"><\/span>","protected":false},"excerpt":{"rendered":"<p>[vc_row][vc_column][vc_column_text][\/vc_column_text][\/vc_column][\/vc_row]<\/p>\n","protected":false},"author":1,"featured_media":0,"parent":0,"menu_order":0,"comment_status":"closed","ping_status":"closed","template":"","meta":{"footnotes":""},"class_list":["post-26579","page","type-page","status-publish","hentry"],"rttpg_featured_image_url":null,"rttpg_author":{"display_name":"Administrador","author_link":"https:\/\/www.soymedicina.com\/libros-de-medicina\/author\/administrador\/"},"rttpg_comment":0,"rttpg_category":"","rttpg_excerpt":"[vc_row][vc_column][vc_column_text][\/vc_column_text][\/vc_column][\/vc_row]","_links":{"self":[{"href":"https:\/\/www.soymedicina.com\/libros-de-medicina\/wp-json\/wp\/v2\/pages\/26579","targetHints":{"allow":["GET"]}}],"collection":[{"href":"https:\/\/www.soymedicina.com\/libros-de-medicina\/wp-json\/wp\/v2\/pages"}],"about":[{"href":"https:\/\/www.soymedicina.com\/libros-de-medicina\/wp-json\/wp\/v2\/types\/page"}],"author":[{"embeddable":true,"href":"https:\/\/www.soymedicina.com\/libros-de-medicina\/wp-json\/wp\/v2\/users\/1"}],"replies":[{"embeddable":true,"href":"https:\/\/www.soymedicina.com\/libros-de-medicina\/wp-json\/wp\/v2\/comments?post=26579"}],"version-history":[{"count":1,"href":"https:\/\/www.soymedicina.com\/libros-de-medicina\/wp-json\/wp\/v2\/pages\/26579\/revisions"}],"predecessor-version":[{"id":26596,"href":"https:\/\/www.soymedicina.com\/libros-de-medicina\/wp-json\/wp\/v2\/pages\/26579\/revisions\/26596"}],"wp:attachment":[{"href":"https:\/\/www.soymedicina.com\/libros-de-medicina\/wp-json\/wp\/v2\/media?parent=26579"}],"curies":[{"name":"wp","href":"https:\/\/api.w.org\/{rel}","templated":true}]}}